{"id":1629,"date":"2012-11-26T22:19:48","date_gmt":"2012-11-26T21:19:48","guid":{"rendered":"http:\/\/www.ciunczyk.com\/wordpress\/?page_id=1629"},"modified":"2013-04-24T22:18:04","modified_gmt":"2013-04-24T20:18:04","slug":"zaproszenie-na-impreze","status":"publish","type":"page","link":"https:\/\/www.fayka.pl\/?page_id=1629","title":{"rendered":"Zaproszenie na&#8230; imprez\u0119"},"content":{"rendered":"<p>Ju\u017c teraz serdecznie zapraszam wszystkich czytelnik\u00f3w bloga na \u015bwi\u0119towanie uko\u0144czenia mojego projektu. B\u0119d\u0105 to &#8222;chrzciny&#8221; Fayki, kiedy otrzyma oficjalnie swoje imi\u0119 od matki chrzestnej.<\/p>\n<p>Od razu wyja\u015bniam. To nie wodowanie! \u0141\u00f3dka b\u0119dzie w wodzie ju\u017c od jakiego\u015b czasu&#8230; a p\u0142acenie za wyslipowanie jej i ponowne wrzucenie do wody, tylko dla frajdy, wydaje mi si\u0119 nadmiern\u0105 rozrzutno\u015bci\u0105 \ud83d\ude09<\/p>\n<p>Wszystko jest zarezerwowane, sala, uroczysta kolacja, zesp\u00f3\u0142 szantowy. Trzeba tylko przyjecha\u0107 i dobrze si\u0119 bawi\u0107. Oczywi\u015bcie Fayka b\u0119dzie ca\u0142y czas otwarta &#8222;dla zwiedzaj\u0105cych&#8221;. Ma si\u0119 rozumie\u0107, \u017ce wszyscy jeste\u015bcie moimi go\u015b\u0107mi, ca\u0142a zabawa jest wliczona w cen\u0119 budowy Fayki&#8230;<\/p>\n<p>Na miejscu jest mo\u017cliwo\u015b\u0107 noclegu w r\u00f3\u017cnych standardach, ceny znajdziecie na stronie hotelu, cho\u0107 my\u015bl\u0119, \u017ce dam rad\u0119 co\u015b wynegocjowa\u0107 dla naszej grupy.<\/p>\n<p>Abym m\u00f3g\u0142 wszystko perfekcyjnie zorganizowa\u0107, bardzo serdecznie prosz\u0119 o zapisywanie si\u0119 na imprez\u0119, poprzez wype\u0142nienie formularza na dole strony.<\/p>\n<p>Zg\u0142oszenie wysy\u0142amy przez klikni\u0119cie przycisku: &#8222;Obiecuj\u0119 dobrze si\u0119 bawi\u0107&#8230;&#8221;<\/p>\n<p>Ewentualnie mog\u0119 zorganizowa\u0107 autobus z i do Warszawy. Prosz\u0119 o zaznaczenie opcji je\u015bli jeste\u015bcie zainteresowani transportem, my\u015bl\u0119, \u017ce mo\u017ce by\u0107 to koszt w rodzaju 20-30 PLN na osob\u0119 &#8211; o wiele taniej ni\u017c poci\u0105g, czy w\u0142asny samoch\u00f3d. Zale\u017cnie od tego, czy zbierze si\u0119 odpowiednia liczba ch\u0119tnych &#8211; b\u0119d\u0119 za\u0142atwia\u0142.<\/p>\n<p>Impreza wst\u0119pnie jest zabukowana na 100 os\u00f3b, ale mo\u017ce by\u0107 wi\u0119cej &#8211; jestem przygotowany \ud83d\ude09<\/p>\n<p>Teraz detale:<\/p>\n<p>Miejsce imprezy: G\u00f3rki Zachodnie Hotel Galion (marina AZS)<br \/>\nData imprezy: 25 maja 2013 r. (sobota)<br \/>\nGodzina rozpocz\u0119cia: 18:00<br \/>\nstrona hotelu: <a href=\"http:\/\/www.hotelgalion.pl\/\">http:\/\/www.hotelgalion.pl\/<\/a><\/p>\n<p>A teraz prosz\u0119 grzecznie wype\u0142ni\u0107 poni\u017cszy formularz, klikn\u0105\u0107 przycisk &#8222;Obiecuj\u0119 dobrze si\u0119 bawi\u0107&#8230;&#8221; oraz wpisa\u0107 do swojego kalendarza t\u0119 imprez\u0119.<\/p>\n<p>Wa\u017cne!!! Je\u017celi b\u0119dzie was kilka os\u00f3b &#8211; \u017cony, m\u0119\u017cowie, kochanki, kochankowie, konkubiny, konkubenci, dzieci, przyjaciele, partnerzy itd. bardzo, ale to bardzo prosz\u0119 zapisa\u0107 ka\u017cdego oddzielnie, a w polu &#8222;Uwagi&#8221; wpisa\u0107 stosowny komentarz np: Rodzina Kowalskich &#8211; wsp\u00f3lny pok\u00f3j.\u00a0 Chc\u0119 aby\u015bcie wiedzieli, \u017ce zapisy przez t\u0119 stron\u0119, pozwol\u0105 mi gromadzi\u0107 dane uczestnik\u00f3w automatycznie. Chc\u0119 sprawnie zarz\u0105dza\u0107 list\u0105 uczestnik\u00f3w, a mam jeszcze inne zadania do zrobienia np. pisanie bloga \ud83d\ude09<\/p>\n<p>Zapraszam do zapisywania si\u0119&#8230;.<\/p>\n<p class=\"wpcf7-contact-form-not-found\"><strong>B\u0142\u0105d:<\/strong> Brak formularza kontaktowego.<\/p>\n","protected":false},"excerpt":{"rendered":"<p>Ju\u017c teraz serdecznie zapraszam wszystkich czytelnik\u00f3w bloga na \u015bwi\u0119towanie uko\u0144czenia mojego projektu. B\u0119d\u0105 to &#8222;chrzciny&#8221; Fayki, kiedy otrzyma oficjalnie swoje imi\u0119 od matki chrzestnej. Od razu wyja\u015bniam. To nie wodowanie! \u0141\u00f3dka b\u0119dzie w wodzie ju\u017c od jakiego\u015b czasu&#8230; a p\u0142acenie &hellip; <a href=\"https:\/\/www.fayka.pl\/?page_id=1629\">Czytaj dalej <span class=\"meta-nav\">&rarr;<\/span><\/a><\/p>\n","protected":false},"author":2,"featured_media":0,"parent":1877,"menu_order":0,"comment_status":"open","ping_status":"closed","template":"onecolumn-page.php","meta":{"footnotes":""},"class_list":["post-1629","page","type-page","status-publish","hentry"],"_links":{"self":[{"href":"https:\/\/www.fayka.pl\/index.php?rest_route=\/wp\/v2\/pages\/1629","targetHints":{"allow":["GET"]}}],"collection":[{"href":"https:\/\/www.fayka.pl\/index.php?rest_route=\/wp\/v2\/pages"}],"about":[{"href":"https:\/\/www.fayka.pl\/index.php?rest_route=\/wp\/v2\/types\/page"}],"author":[{"embeddable":true,"href":"https:\/\/www.fayka.pl\/index.php?rest_route=\/wp\/v2\/users\/2"}],"replies":[{"embeddable":true,"href":"https:\/\/www.fayka.pl\/index.php?rest_route=%2Fwp%2Fv2%2Fcomments&post=1629"}],"version-history":[{"count":0,"href":"https:\/\/www.fayka.pl\/index.php?rest_route=\/wp\/v2\/pages\/1629\/revisions"}],"up":[{"embeddable":true,"href":"https:\/\/www.fayka.pl\/index.php?rest_route=\/wp\/v2\/pages\/1877"}],"wp:attachment":[{"href":"https:\/\/www.fayka.pl\/index.php?rest_route=%2Fwp%2Fv2%2Fmedia&parent=1629"}],"curies":[{"name":"wp","href":"https:\/\/api.w.org\/{rel}","templated":true}]}}