{"id":1873,"date":"2013-04-24T22:10:58","date_gmt":"2013-04-24T20:10:58","guid":{"rendered":"http:\/\/www.ciunczyk.com\/wordpress\/?page_id=1873"},"modified":"2013-05-05T15:33:27","modified_gmt":"2013-05-05T13:33:27","slug":"harmonogram-imprezy","status":"publish","type":"page","link":"https:\/\/www.fayka.pl\/?page_id=1873","title":{"rendered":"Harmonogram imprezy"},"content":{"rendered":"<p>&nbsp;<\/p>\n<table width=\"739\" border=\"1\" cellspacing=\"0\" cellpadding=\"0\">\n<colgroup>\n<col style=\"mso-width-source: userset; mso-width-alt: 3474; width: 71pt;\" width=\"95\" \/>\n<col style=\"mso-width-source: userset; mso-width-alt: 19053; width: 391pt;\" width=\"521\" \/> <\/colgroup>\n<tbody>\n<tr style=\"height: 15.75pt;\">\n<td style=\"height: 15.75pt; width: 462pt;\" colspan=\"2\" width=\"616\" height=\"21\"><strong><strong><strong><br \/>\nSobota, 25 maja 2013r<\/strong><\/strong><\/strong><\/td>\n<\/tr>\n<tr style=\"height: 15.0pt;\">\n<td class=\"xl67\" style=\"height: 15.0pt; ; width: 100pt;\" height=\"20\">12:00 &#8211; 16:30<\/td>\n<td class=\"xl67\" style=\"border-left: none;\">zwiedzanie jachtu z przewodnikiem. W tym czasie b\u0119d\u0119 na Fayce do Waszej dyspozycji oprowadzaj\u0105c i odpowiadaj\u0105c na pytania. Jedyne co jest oficjalnie zabronione i b\u0119dzie karane ciele\u015bnie to teksty: &#8222;O m\u00f3j Bo\u017ce! Ile ty jeszcze masz tu roboty do zrobienia&#8230;&#8221;<\/td>\n<\/tr>\n<tr style=\"height: 15.0pt;\">\n<td class=\"xl67\" style=\"height: 15.0pt; ; width: 100pt;\" height=\"20\">od 15:00<\/td>\n<td class=\"xl67\" style=\"border-left: none;\">przyjazd go\u015bci &#8211; zameldowanie<br \/>\n(dla mieszkaj\u0105cych w hotelu)<\/td>\n<\/tr>\n<tr style=\"height: 15.0pt;\">\n<td class=\"xl65\" style=\"height: 15.0pt; border-top: none;\" height=\"20\">17:00 &#8211; 18:00<\/td>\n<td class=\"xl65\" style=\"border-top: none; border-left: none;\">Otwarcie imprezy, powitanie go\u015bci w marinie, lampka szampana przy chrzcie jachtu<\/td>\n<\/tr>\n<tr style=\"height: 15.0pt;\">\n<td class=\"xl65\" style=\"height: 15.0pt; border-top: none;\" height=\"20\">18:00 &#8211; 18:30<\/td>\n<td class=\"xl65\" style=\"border-top: none; border-left: none;\">Kr\u00f3tkie wyst\u0105pienie i prezentacja w wykonaniu armatora<\/td>\n<\/tr>\n<tr style=\"height: 15.0pt;\">\n<td class=\"xl66\" style=\"height: 15.0pt; border-top: none;\" height=\"20\">19:00 &#8211;<\/td>\n<td class=\"xl65\" style=\"border-top: none; border-left: none;\">Uroczysta kolacja z opraw\u0105 muzyczn\u0105<\/td>\n<\/tr>\n<tr style=\"height: 15.0pt;\">\n<td class=\"xl65\" style=\"height: 15.0pt; border-top: none;\" height=\"20\">20:30 &#8211; 23:00<\/td>\n<td class=\"xl65\" style=\"border-top: none; border-left: none;\">Wyst\u0119p zespo\u0142u szantowego<\/td>\n<\/tr>\n<tr style=\"height: 15.75pt;\">\n<td class=\"xl68\" style=\"height: 15.75pt; border-top: none;\" height=\"21\">23:00 &#8211; do rana<\/td>\n<td class=\"xl68\" style=\"border-top: none; border-left: none;\">Dyskoteka &#8211; prowadzi DJ Czortek<\/td>\n<\/tr>\n<tr style=\"height: 15.75pt;\">\n<td style=\"height: 15.75pt;\" colspan=\"2\" height=\"21\"><strong><strong><strong><br \/>\nNiedziela, 26 maja 2013r<\/strong><\/strong><\/strong><\/td>\n<\/tr>\n<tr style=\"height: 15.0pt;\">\n<td class=\"xl67\" style=\"height: 15.0pt;\" height=\"20\">8:00-10:00<\/td>\n<td class=\"xl67\" style=\"border-left: none;\">\u015aniadanie<\/td>\n<\/tr>\n<tr style=\"height: 15.0pt;\">\n<td class=\"xl66\" style=\"height: 15.0pt; border-top: none;\" height=\"20\">11:30 &#8211;<\/td>\n<td class=\"xl65\" style=\"border-top: none; border-left: none;\">Wymeldowanie go\u015bci<\/td>\n<\/tr>\n<\/tbody>\n<\/table>\n<p>&nbsp;<\/p>\n","protected":false},"excerpt":{"rendered":"<p>&nbsp; Sobota, 25 maja 2013r 12:00 &#8211; 16:30 zwiedzanie jachtu z przewodnikiem. W tym czasie b\u0119d\u0119 na Fayce do Waszej dyspozycji oprowadzaj\u0105c i odpowiadaj\u0105c na pytania. Jedyne co jest oficjalnie zabronione i b\u0119dzie karane ciele\u015bnie to teksty: &#8222;O m\u00f3j Bo\u017ce! &hellip; <a href=\"https:\/\/www.fayka.pl\/?page_id=1873\">Czytaj dalej <span class=\"meta-nav\">&rarr;<\/span><\/a><\/p>\n","protected":false},"author":2,"featured_media":0,"parent":1877,"menu_order":0,"comment_status":"open","ping_status":"closed","template":"","meta":{"footnotes":""},"class_list":["post-1873","page","type-page","status-publish","hentry"],"_links":{"self":[{"href":"https:\/\/www.fayka.pl\/index.php?rest_route=\/wp\/v2\/pages\/1873","targetHints":{"allow":["GET"]}}],"collection":[{"href":"https:\/\/www.fayka.pl\/index.php?rest_route=\/wp\/v2\/pages"}],"about":[{"href":"https:\/\/www.fayka.pl\/index.php?rest_route=\/wp\/v2\/types\/page"}],"author":[{"embeddable":true,"href":"https:\/\/www.fayka.pl\/index.php?rest_route=\/wp\/v2\/users\/2"}],"replies":[{"embeddable":true,"href":"https:\/\/www.fayka.pl\/index.php?rest_route=%2Fwp%2Fv2%2Fcomments&post=1873"}],"version-history":[{"count":0,"href":"https:\/\/www.fayka.pl\/index.php?rest_route=\/wp\/v2\/pages\/1873\/revisions"}],"up":[{"embeddable":true,"href":"https:\/\/www.fayka.pl\/index.php?rest_route=\/wp\/v2\/pages\/1877"}],"wp:attachment":[{"href":"https:\/\/www.fayka.pl\/index.php?rest_route=%2Fwp%2Fv2%2Fmedia&parent=1873"}],"curies":[{"name":"wp","href":"https:\/\/api.w.org\/{rel}","templated":true}]}}