{"id":2072,"date":"2013-10-22T19:12:08","date_gmt":"2013-10-22T17:12:08","guid":{"rendered":"http:\/\/www.ciunczyk.com\/wordpress\/?page_id=2072"},"modified":"2015-02-07T12:50:59","modified_gmt":"2015-02-07T11:50:59","slug":"navigare-necesse-est","status":"publish","type":"page","link":"https:\/\/www.fayka.pl\/?page_id=2072","title":{"rendered":"Navigare necesse est &#8230;"},"content":{"rendered":"<p>&#8230; vivere non est necesse,<\/p>\n<p>jak powiedzia\u0142 Pompejusz Plutarch do \u017ceglarzy wysy\u0142aj\u0105c ich w rejs. Dzisiaj z tego robi si\u0119 motto filozoficzne, ale on prawdopodobnie mia\u0142 ich g\u0142\u0119boko gdzie\u015b, ka\u017c\u0105c im p\u0142yn\u0105\u0107 na morze mimo nadchodz\u0105cej burzy \ud83d\ude42 No c\u00f3\u017c inne \u0142aci\u0144skie przys\u0142owie przychodzi mi na my\u015bl <em>&#8222;Pecunia non olet&#8221;<\/em><\/p>\n<p>Ale w ko\u0144cu nadszed\u0142 ten pi\u0119kny czas, gdy Fayka zaczyna robi\u0107 to do czego zosta\u0142a stworzona &#8211; p\u0142ywa\u0107, p\u0142ywa\u0107, p\u0142ywa\u0107&#8230; Czasami jest mi smutno na widok tylu jacht\u00f3w stoj\u0105cych w marinie przez ca\u0142y sezon i nie odcumowywanych nawet na chwil\u0119. Albo wyp\u0142ywaj\u0105cych tylko do Sopotu na weekendowy lansik.<\/p>\n<p>Poniewa\u017c nie uda\u0142o mi si\u0119 postawi\u0107 grubej kreski pomi\u0119dzy etapem budowania i p\u0142ywania, musz\u0119 zacz\u0105\u0107 prowadzi\u0107 r\u00f3wnolegle dwa w\u0105tki.<\/p>\n<p>B\u0119d\u0119 te\u017c przebudowywa\u0142 stron\u0119 g\u0142\u00f3wn\u0105 <a href=\"http:\/\/www.fayka.pl\">Fayka.pl<\/a> tak by stworzy\u0107 co\u015b w rodzaju witryny informacyjnej z odno\u015bnikami do bloga z budowy, fotobloga, relacji z rejs\u00f3w, plan\u00f3w, kalendarium. Chc\u0119 umie\u015bci\u0107 dane techniczne jachtu, dane kontaktowe itd.<\/p>\n<p>To chwil\u0119 potrwa wi\u0119c na razie relacje z rejs\u00f3w b\u0119d\u0105 w podstronach bloga.<\/p>\n<h2>Rejsy zrealizowane:<\/h2>\n<p><a title=\"Dziewiczy rejs!\" href=\"http:\/\/www.fayka.pl\/?page_id=2063\">Dziewiczy rejs!<\/a><\/p>\n<p><a title=\"Sopocki lansik ;-)\" href=\"http:\/\/www.fayka.pl\/?page_id=2075\">Sopocki lansik \ud83d\ude09<\/a><\/p>\n<p><a title=\"SPB2014\" href=\"http:\/\/www.fayka.pl\/?page_id=2216\">SPB2014<\/a><\/p>\n<p><a title=\"DKJ \u2013 Zatoka\" href=\"http:\/\/www.fayka.pl\/?page_id=2240\">DKJ-Zatoka<\/a><\/p>\n<p><a title=\"FaykaSAFE2014\" href=\"http:\/\/www.fayka.pl\/?page_id=2221\">FaykaSAFE2014<\/a><\/p>\n<p><a title=\"Lansik z Mart\u0105 i Witkiem\" href=\"http:\/\/www.fayka.pl\/?page_id=2382\">Lansik z Mart\u0105 i Witkiem<\/a><\/p>\n<p><a title=\"Bornholm2014\" href=\"http:\/\/www.fayka.pl\/?page_id=2243\">Bornholm2014<\/a><\/p>\n<p>&nbsp;<\/p>\n","protected":false},"excerpt":{"rendered":"<p>&#8230; vivere non est necesse, jak powiedzia\u0142 Pompejusz Plutarch do \u017ceglarzy wysy\u0142aj\u0105c ich w rejs. Dzisiaj z tego robi si\u0119 motto filozoficzne, ale on prawdopodobnie mia\u0142 ich g\u0142\u0119boko gdzie\u015b, ka\u017c\u0105c im p\u0142yn\u0105\u0107 na morze mimo nadchodz\u0105cej burzy \ud83d\ude42 No c\u00f3\u017c &hellip; <a href=\"https:\/\/www.fayka.pl\/?page_id=2072\">Czytaj dalej <span class=\"meta-nav\">&rarr;<\/span><\/a><\/p>\n","protected":false},"author":2,"featured_media":0,"parent":0,"menu_order":0,"comment_status":"open","ping_status":"closed","template":"onecolumn-page.php","meta":{"footnotes":""},"class_list":["post-2072","page","type-page","status-publish","hentry"],"_links":{"self":[{"href":"https:\/\/www.fayka.pl\/index.php?rest_route=\/wp\/v2\/pages\/2072","targetHints":{"allow":["GET"]}}],"collection":[{"href":"https:\/\/www.fayka.pl\/index.php?rest_route=\/wp\/v2\/pages"}],"about":[{"href":"https:\/\/www.fayka.pl\/index.php?rest_route=\/wp\/v2\/types\/page"}],"author":[{"embeddable":true,"href":"https:\/\/www.fayka.pl\/index.php?rest_route=\/wp\/v2\/users\/2"}],"replies":[{"embeddable":true,"href":"https:\/\/www.fayka.pl\/index.php?rest_route=%2Fwp%2Fv2%2Fcomments&post=2072"}],"version-history":[{"count":9,"href":"https:\/\/www.fayka.pl\/index.php?rest_route=\/wp\/v2\/pages\/2072\/revisions"}],"predecessor-version":[{"id":2528,"href":"https:\/\/www.fayka.pl\/index.php?rest_route=\/wp\/v2\/pages\/2072\/revisions\/2528"}],"wp:attachment":[{"href":"https:\/\/www.fayka.pl\/index.php?rest_route=%2Fwp%2Fv2%2Fmedia&parent=2072"}],"curies":[{"name":"wp","href":"https:\/\/api.w.org\/{rel}","templated":true}]}}