{"id":2249,"date":"2014-05-14T14:14:19","date_gmt":"2014-05-14T12:14:19","guid":{"rendered":"http:\/\/www.fayka.pl\/?page_id=2249"},"modified":"2014-05-19T22:53:03","modified_gmt":"2014-05-19T20:53:03","slug":"poradniki","status":"publish","type":"page","link":"https:\/\/www.fayka.pl\/?page_id=2249","title":{"rendered":"Poradniki&#8230;"},"content":{"rendered":"<p>Ludzie pytaj\u0105 co zabra\u0107 na rejs, jakie sprz\u0119ty, ubrania, dokumenty itd&#8230;<\/p>\n<p>Oczywi\u015bcie mam swoje subiektywne zdanie na ten temat i mo\u017cna jak zawsze traktowa\u0107\u00a0 moj\u0105 opini\u0119 z przymru\u017ceniem oka. Jednak to m\u00f3j blog i mam przecie\u017c prawo pisa\u0107 co mi \u015blina na j\u0119zyk przyniesie, lub lepiej co mi paluchy wyklepi\u0105 \ud83d\ude09 Wy za\u015b mo\u017cecie komentowa\u0107 i krytykowa\u0107. A gdy mi si\u0119 co\u015b spodoba to umieszcz\u0119 to w zestawieniu.<\/p>\n<p>M\u00f3g\u0142bym te porady umie\u015bci\u0107 w kolejnym wpisie, ale w\u00f3wczas ci\u0119\u017cko b\u0119dzie do nich szybko dotrze\u0107.<\/p>\n<p>Dlatego zosta\u0142 wydzielony specjalny zak\u0105tek na porady, kt\u00f3ry podzieli\u0142em na grupy:<\/p>\n<ul>\n<li><a title=\"Poradnik \u2013 przygotowanie\" href=\"http:\/\/www.fayka.pl\/?page_id=2256\">przygotowanie do rejsu<\/a><\/li>\n<li><a title=\"Poradnik \u2013 pakowanie\" href=\"http:\/\/www.fayka.pl\/?page_id=2261\">w co si\u0119 zapakowa\u0107 i jak<\/a><\/li>\n<li><a title=\"Poradnik \u2013 dokumenty\" href=\"http:\/\/www.fayka.pl\/?page_id=2259\">dokumenty<\/a><\/li>\n<li><a title=\"Poradnik \u2013 ubrania morskie\" href=\"http:\/\/www.fayka.pl\/?page_id=2263\">ubrania morskie<\/a><\/li>\n<li><a title=\"Poradnik \u2013 ubrania cywilne\" href=\"http:\/\/www.fayka.pl\/?page_id=2265\">ubrania cywilne<\/a><\/li>\n<li><a title=\"Poradnik \u2013 higiena\" href=\"http:\/\/www.fayka.pl\/?page_id=2333\">higiena<\/a><\/li>\n<li><a title=\"Poradnik \u2013 apteczka\" href=\"http:\/\/www.fayka.pl\/?page_id=2270\">apteczka<\/a><\/li>\n<li><a title=\"Poradnik \u2013 elektronika\" href=\"http:\/\/www.fayka.pl\/?page_id=2267\">elektronika<\/a><\/li>\n<li><a title=\"Poradnik \u2013 sprz\u0119t r\u00f3\u017cny\" href=\"http:\/\/www.fayka.pl\/?page_id=2286\">drobny sprz\u0119t r\u00f3\u017cny<\/a><\/li>\n<li><a title=\"Poradnik \u2013 wydatki\" href=\"http:\/\/www.fayka.pl\/?page_id=2288\">zarz\u0105dzanie wydatkami<\/a> \ud83d\ude42<\/li>\n<li><a title=\"Poradnik \u2013 podsumowanie\" href=\"http:\/\/www.fayka.pl\/?page_id=2339\">podsumowanie<\/a><\/li>\n<\/ul>\n<p>Kolega raru, gdy zobaczy\u0142, \u017ce przygotowuj\u0119 poradnik przypomnia\u0142 mi star\u0105 list\u0119 przygotowywania si\u0119 do rejsu. Oto ona:<\/p>\n<ol>\n<li>Za\u017cywaj lekarstwa wywo\u0142uj\u0105ce wymioty przez 3 dni z rz\u0119du.<\/li>\n<li>Zwil\u017c wszystkie swoje ubrania, trzymaj je w lod\u00f3wce (albo co najmniej za oknem) i nie susz\u0105c ich zak\u0142adaj na siebie. Odk\u0142adaj\u0105c je po wachcie do lod\u00f3wki nie susz ich. Nie przejmuj si\u0119 grzybem, kt\u00f3ry si\u0119 na nich zal\u0119gnie.<\/li>\n<li>\u015apij na p\u00f3\u0142ce, najlepiej w ubikacji.<\/li>\n<li>Zamiast drzwi powie\u015b zas\u0142onk\u0119.<\/li>\n<li>Popro\u015b kogo\u015b, \u017ceby cztery godziny po tym jak za\u015bniesz, za\u015bwieci\u0142 ci latark\u0105 w oczy i powiedzia\u0142 &#8222;Twoja wachta&#8221;.<\/li>\n<li>Kiedy bierzesz prysznic, zakr\u0119caj wod\u0119 jak tylko si\u0119 namydlisz.<\/li>\n<li>Nalej oleju silnikowego do urz\u0105dze\u0144 klimatyzacyjnych i w\u0142\u0105cz je na najwy\u017csze obroty.<\/li>\n<li>Jak zaleje ci piwnic\u0119, zejd\u017a na d\u00f3\u0142 i wybieraj wod\u0119 czerpakiem.<\/li>\n<li>W\u0142\u0105cz w pokoju jakie\u015b urz\u0105dzenie, kiedy s\u0142uchasz ulubionej muzyki, albo chcesz z kim\u015b porozmawia\u0107 &#8211; mo\u017ce by\u0107 kosiarka do trawy&#8230;<\/li>\n<li>Je\u015bli na zewn\u0105trz wieje wiatr, biegaj wok\u00f3\u0142 domu sprawdzaj\u0105c czy wszystkie okna s\u0105 zamkni\u0119te; w nocy zmieniacie si\u0119 na &#8222;wachcie&#8221; co 4 godziny.<\/li>\n<li>Podziel wann\u0119 na p\u00f3\u0142; w jednej po\u0142owie ustaw prysznic na wysoko\u015bci p\u0119pka; w drugiej po\u0142owie przechowuj wszystkie niejadalne \u015bmieci (jadalne \u015bmieci wyrzucaj przez okno).<\/li>\n<li>Obud\u017a si\u0119 w \u015brodku nocy i zjedz mas\u0142o orzechowe z czerstwym chlebem; mo\u017ce by\u0107 zimna zupa z puszki albo fasolka.<\/li>\n<li>Rozpisz jad\u0142ospis dla ca\u0142ej rodziny na tydzie\u0144 bez zagl\u0105dania do kuchni, lod\u00f3wki czy zamra\u017carki.<\/li>\n<li>Raz na miesi\u0105c we\u017a jakie\u015b bardzo potrzebne ci urz\u0105dzenie, rozkr\u0119\u0107 je na drobne i z\u0142\u00f3\u017c z powrotem.<\/li>\n<li>Syp sobie 15 \u0142y\u017ceczek kawy na kubek i pij dopiero po 6 godzinach.<\/li>\n<li>Zamontuj pod sto\u0142em fluorescencyjn\u0105 pa\u0142eczk\u0119, po\u0142\u00f3\u017c si\u0119 tam i poczytaj ksi\u0105\u017ck\u0119.<\/li>\n<li>Co jaki\u015b czas we\u017a kota i wrzu\u0107 go do wanny albo do zlewu z okrzykiem &#8222;Cz\u0142owiek za burt\u0105&#8221;.<\/li>\n<li>Wejd\u017a do kuchni, wygarnij wszystko z szafek na pod\u0142og\u0119, dorzu\u0107 garnki i s\u0142oiki, a potem nakrzycz na wsp\u00f3\u0142lokatora, \u017ce \u017ale zasztauowa\u0142 kambuz&#8230;<\/li>\n<li>Ustaw si\u0119 naprzeciwko w\u0142\u0105czonego wentylatora i trzymaj\u0105c si\u0119 obydwoma r\u0119koma jakich\u015b linek spr\u00f3buj si\u0119 wysika\u0107 nie zalewaj\u0105c si\u0119 od szyi w d\u00f3\u0142.<\/li>\n<li>Warzywa w sklepie kupuj tylko te zwi\u0119dni\u0119te lub ju\u017c nadgni\u0142e<\/li>\n<\/ol>\n<p>Ahoj przygodo!<\/p>\n<p>&nbsp;<\/p>\n","protected":false},"excerpt":{"rendered":"<p>Ludzie pytaj\u0105 co zabra\u0107 na rejs, jakie sprz\u0119ty, ubrania, dokumenty itd&#8230; Oczywi\u015bcie mam swoje subiektywne zdanie na ten temat i mo\u017cna jak zawsze traktowa\u0107\u00a0 moj\u0105 opini\u0119 z przymru\u017ceniem oka. Jednak to m\u00f3j blog i mam przecie\u017c prawo pisa\u0107 co mi &hellip; <a href=\"https:\/\/www.fayka.pl\/?page_id=2249\">Czytaj dalej <span class=\"meta-nav\">&rarr;<\/span><\/a><\/p>\n","protected":false},"author":2,"featured_media":0,"parent":0,"menu_order":0,"comment_status":"open","ping_status":"open","template":"onecolumn-page.php","meta":{"footnotes":""},"class_list":["post-2249","page","type-page","status-publish","hentry"],"_links":{"self":[{"href":"https:\/\/www.fayka.pl\/index.php?rest_route=\/wp\/v2\/pages\/2249","targetHints":{"allow":["GET"]}}],"collection":[{"href":"https:\/\/www.fayka.pl\/index.php?rest_route=\/wp\/v2\/pages"}],"about":[{"href":"https:\/\/www.fayka.pl\/index.php?rest_route=\/wp\/v2\/types\/page"}],"author":[{"embeddable":true,"href":"https:\/\/www.fayka.pl\/index.php?rest_route=\/wp\/v2\/users\/2"}],"replies":[{"embeddable":true,"href":"https:\/\/www.fayka.pl\/index.php?rest_route=%2Fwp%2Fv2%2Fcomments&post=2249"}],"version-history":[{"count":9,"href":"https:\/\/www.fayka.pl\/index.php?rest_route=\/wp\/v2\/pages\/2249\/revisions"}],"predecessor-version":[{"id":2342,"href":"https:\/\/www.fayka.pl\/index.php?rest_route=\/wp\/v2\/pages\/2249\/revisions\/2342"}],"wp:attachment":[{"href":"https:\/\/www.fayka.pl\/index.php?rest_route=%2Fwp%2Fv2%2Fmedia&parent=2249"}],"curies":[{"name":"wp","href":"https:\/\/api.w.org\/{rel}","templated":true}]}}