{"id":2256,"date":"2014-05-14T21:12:34","date_gmt":"2014-05-14T19:12:34","guid":{"rendered":"http:\/\/www.fayka.pl\/?page_id=2256"},"modified":"2014-05-19T19:41:53","modified_gmt":"2014-05-19T17:41:53","slug":"poradnik-przygotowanie","status":"publish","type":"page","link":"https:\/\/www.fayka.pl\/?page_id=2256","title":{"rendered":"Poradnik &#8211; przygotowanie"},"content":{"rendered":"<p>Mam koleg\u0119, kt\u00f3ry zawsze jest gotowy do podr\u00f3\u017cy. Ma spakowany plecak i na sygna\u0142 wsiada w samolot i gna na drugi koniec \u015bwiata&#8230; ale nie ka\u017cdy ma taki komfort hi hi.<\/p>\n<p>My ludzie powa\u017cni, musimy si\u0119 do wyprawy przygotowa\u0107 \ud83d\ude09<\/p>\n<p>Oczywi\u015bcie wszystko zale\u017cy od formu\u0142y rejsu. Je\u017celi wybieramy si\u0119 na rejs, kt\u00f3ry polega na generowaniu godzin do sta\u017cu i startuj\u0105c z Warszawy l\u0105dujemy w Bergen wsiadamy na jacht, wysiadamy w Scrapster, wsiadamy w autobus do Edynburga, a stamt\u0105d na lotnisko i do domu, to wiele przygotowywa\u0107 si\u0119 nie trzeba. Ja takich rejs\u00f3w nie lubi\u0119. Wprawdzie uwielbiam \u017ceglowanie w czystej postaci, jednak w wi\u0119kszo\u015bci frajd\u0119 mam ze zwiedzania, kt\u00f3re przy okazji niejako w gratisie mamy do\u0142\u0105czone. Ale by ta cz\u0119\u015b\u0107 podro\u017cy by\u0142a warto\u015bciowa &#8211; powinni\u015bmy si\u0119 troszk\u0119 przygotowa\u0107.<\/p>\n<p>Trasa rejsu &#8211; warto zawczasu zna\u0107 planowan\u0105 tras\u0119 rejsu. Oczywi\u015bcie zawsze b\u0119dzie gadanie organizatora, \u017ce to nic pewnego, bo morze, bo pogoda, bo Neptun itd. Ale prawda jest taka, \u017ce w og\u00f3lnym zarysie trasa zwykle jest nakre\u015blona i najcz\u0119\u015bciej udaje si\u0119 ni\u0105 p\u0142yn\u0105\u0107.<\/p>\n<p>Daty rejsu &#8211; zawsze &#8211; zawsze kupujcie bilety powrotne z zapasem czasowym. P\u0142ywanie pod presj\u0105 czasu, \u017ce bilety nam przepadn\u0105 mo\u017ce prowadzi\u0107 do prawdziwych nieszcz\u0119\u015b\u0107. A tak zawsze mamy dwa, trzy dni zapasu na pozwiedzanie okolicy. Dobr\u0105 opcj\u0105 jest zapewnienie sobie mo\u017cliwo\u015bci przebukowania bilet\u00f3w na inny dzie\u0144. Cho\u0107 bywa to drogie. Je\u017celi rejs jest w innej cz\u0119\u015bci \u015bwiata, to tylko bilet dalekiego zasi\u0119gu warto kupowa\u0107 z zapasem. Lokalne zwykle daje si\u0119 przebukowa\u0107 na miejscu. Warto mie\u0107 zapisany telefon do biura podro\u017cy, w kt\u00f3rym kupowali\u015bmy bilet. To jedna z zalet kupowania przez biuro. Im jest duuu\u017co \u0142atwiej za\u0142atwi\u0107 przesuni\u0119cie daty biletu.<\/p>\n<p>Warto poczyta\u0107 o okolicy, zaopatrzy\u0107 si\u0119 w przewodniki &#8211; polecam czytnik eBook&#8217;\u00f3w jak Kindle czy podobny, na kt\u00f3ry mo\u017cna zapakowa\u0107 setki ksi\u0105\u017cek. Przewodnik\u00f3w te\u017c. B\u0119dzie co czyta\u0107 w czasie rejsu.<\/p>\n<p>Czasami dzielimy si\u0119 z kolegami i kole\u017cankami w ten spos\u00f3b, \u017ce ka\u017cdy przygotowuje &#8222;wycieczk\u0119 krajoznawcz\u0105&#8221; dla ch\u0119tnych po okolicy. Jedna osoba jedno miejsce. Usprawnia to bardzo zwiedzanie. Cho\u0107 ja cz\u0119sto jestem samotnym wilkiem. Lubi\u0119 robi\u0107 zdj\u0119cia, a zwiedzanie w grupie i robienie zdj\u0119\u0107 nie s\u0105 kompatybilne. Mam na my\u015bli robienie zdj\u0119\u0107, a nie pstrykanie zdj\u0119\u0107. Co\u015b co w angielskim nazywa si\u0119 r\u00f3\u017cnic\u0105 mi\u0119dzy &#8222;Make a Photo&#8221; and &#8222;Take a Photo&#8221;<\/p>\n<p>Je\u017celi p\u0142yniecie do naprawd\u0119 bardzo egzotycznych miejsc &#8211; np. w g\u00f3r\u0119 Amazonki mo\u017cna pomy\u015ble\u0107 o zaszczepieniu si\u0119. A trzeba to zrobi\u0107 wcze\u015bniej, czasami sporo wcze\u015bniej.<\/p>\n<p>Do niekt\u00f3rych kraj\u00f3w nadal potrzebujemy wizy &#8211; jak cho\u0107by do Rosji. Trzeba o nie postara\u0107 si\u0119 z wyprzedzeniem, mo\u017ce by\u0107 potrzebna wymiana paszportu, bo jest zbyt kr\u00f3tko wa\u017cny. Np. do Rosji musi by\u0107 wa\u017cny przez ponad p\u00f3\u0142 roku. To kolejna rzecz do sprawdzenia &#8211; data wa\u017cno\u015bci paszportu.<\/p>\n<p>Komunikacja. Obecnie bardzo cz\u0119sto na dalekosi\u0119\u017cnych rejsach s\u0105 dost\u0119pne telefony satelitarne. Wysy\u0142anie wiadomo\u015bci na nie jest albo bardzo tanie albo ca\u0142kiem darmowe. Warto dowiedzie\u0107 si\u0119 czy taka opcja na naszym rejsie jest i poda\u0107 najbli\u017cszym jak mog\u0105 nas powiadomi\u0107 o czym\u015b naprawd\u0119 wa\u017cnym.<\/p>\n<p>Ogarni\u0119cie spraw w domu. Warto przygotowa\u0107 sobie wsparcie w tematach domowych na czas, gdy nas nie b\u0119dzie. Mo\u017ce trzeba odda\u0107 czworonoga do hoteliku, za\u0142atwi\u0107 kogo\u015b do podlania kwiatk\u00f3w, czy bonsai. Mo\u017ce to by\u0107 konieczno\u015b\u0107 nakarmienia paj\u0105ka (tak jak by\u0142o u mnie w domu). Itd. Sami to najlepiej wiecie, ale warto te punkty sobie zapisa\u0107 na list\u0119.<\/p>\n<p>Warto przed rejsem poogarnia\u0107 tematy w pracy &#8211; troszk\u0119 na zapas tak, by\u015bmy mieli bardziej spokojn\u0105 g\u0142ow\u0119 i mogli si\u0119 zrelaksowa\u0107. No i pami\u0119ta\u0107 by za\u0142atwi\u0107 sobie odpowiednio wcze\u015bniej urlop.<\/p>\n<p>Ubezpieczenie. Przed rejsem zawsze wykupuj\u0119 ubezpieczenie. Nie chodzi\u00a0 mi o ubezpieczenie na wypadek \u015bmierci &#8211; jak umr\u0119 to sorki, ale niech spadkobiercy si\u0119 sami martwi\u0105. Od tego jest testament (BTW &#8211; kolejny punkt na list\u0119). Chodzi mi o ubezpieczenie koszt\u00f3w leczenia. Upadn\u0119 na fali, z\u0142ami\u0119 obojczyk. W Caracas mnie posk\u0142adaj\u0105, ale rachunek dla Gringo mo\u017ce by\u0107 bardzo bolesny. Dlatego zawsze kupuj\u0119 ubezpieczenie.<\/p>\n<p>Mo\u017ce to zabrzmi dziwnie, ale zaleca\u0142bym zadbanie troch\u0119 o kondycj\u0119 &#8211; z jednej strony b\u0119dzie nam \u0142atwiej w ci\u0119\u017cszych warunkach pracowa\u0107 na jachcie, w\u0142azi\u0107 na maszt, z drugiej na gor\u0105cych pla\u017cach Chorwacji, Grecji czy Dominikany nie musimy ryzykowa\u0107 utraty zdrowia, gdy aktywi\u015bci Greenpeace b\u0119d\u0105 nas chcieli zawlec do wody&#8230; ratuj\u0105c wyrzuconego na brzeg\u00a0 bia\u0142ego wieloryba&#8230; A co najwa\u017cniejsze cz\u0142owiek o lepszej kondycji zwykle jest zdrowszy.<\/p>\n<p>Wi\u0119c w punktach:<\/p>\n<ul>\n<li>pozna\u0107 planowan\u0105 tras\u0119 rejsu<\/li>\n<li>poczyta\u0107 o odwiedzanych okolicach &#8211; przygotowa\u0107 si\u0119<\/li>\n<li>kupi\u0107\/po\u017cyczy\u0107\/\u015bci\u0105gn\u0105\u0107 przewodniki i materia\u0142y z internetu<\/li>\n<li>kupi\u0107 bilety tam i z powrotem pami\u0119taj\u0105c o rezerwie czasowej na powr\u00f3t i zapisaniu telefonu do biura podro\u017cy<\/li>\n<li>sprawdzi\u0107 wa\u017cno\u015b\u0107 paszportu<\/li>\n<li>za\u0142atwi\u0107 ewentualne wizy<\/li>\n<li>zaszczepi\u0107 si\u0119 (jak uwa\u017cacie, \u017ce to wam potrzebne)<\/li>\n<li>ustali\u0107 komunikacj\u0119 z najbli\u017cszymi &#8211; upewni\u0107 si\u0119, \u017ce wiedz\u0105 jak si\u0119 pos\u0142u\u017cy\u0107, najlepiej prze\u0107wiczy\u0107<\/li>\n<li>ogarn\u0105\u0107 tematy w pracy<\/li>\n<li>ogarn\u0105\u0107 tematy w domu<\/li>\n<li>wykupi\u0107 ubezpieczenie<\/li>\n<li>pami\u0119ta\u0107 by tu\u017c przed rejsem ustawi\u0107 w mailu s\u0142u\u017cbowym i mo\u017ce prywatnym &#8222;odbitk\u0119&#8221;, \u017ce nas nie ma i wracamy wtedy a wtedy.<\/li>\n<li>Je\u015bli nie b\u0119dziecie korzysta\u0107 ze swojej kom\u00f3rki &#8211; warto te\u017c nagra\u0107 info o naszej nieobecno\u015bci.<\/li>\n<li>troszk\u0119 po\u0107wiczy\u0107 kondycj\u0119 &#8211; biegi, rower itp.<\/li>\n<\/ul>\n<p>U\u00a0 mnie te tematy l\u0105duj\u0105 w programiku opisanym na nast\u0119pnej stronie. L\u0105duj\u0105 w kategorii TBDB (To Be Done Before). Jest te\u017c TBDA (To Be Done After) Np. odebra\u0107 zwierzaki z hoteliku, zdj\u0105\u0107 odbitki z maili itp. Ale tu ju\u017c powinni\u015bcie sami wiedzie\u0107 o co chodzi&#8230;<\/p>\n<p>Ale najwa\u017cniejsze to zrobi\u0107 sobie list\u0119. Oczywi\u015bcie polecam elektroniczn\u0105. Dlatego warto czyta\u0107 dalej \ud83d\ude42<\/p>\n<p>czytaj <a title=\"Poradnik \u2013 pakowanie\" href=\"http:\/\/www.fayka.pl\/?page_id=2261\">pakowanie&gt;&gt;<\/a><\/p>\n","protected":false},"excerpt":{"rendered":"<p>Mam koleg\u0119, kt\u00f3ry zawsze jest gotowy do podr\u00f3\u017cy. Ma spakowany plecak i na sygna\u0142 wsiada w samolot i gna na drugi koniec \u015bwiata&#8230; ale nie ka\u017cdy ma taki komfort hi hi. My ludzie powa\u017cni, musimy si\u0119 do wyprawy przygotowa\u0107 \ud83d\ude09 &hellip; <a href=\"https:\/\/www.fayka.pl\/?page_id=2256\">Czytaj dalej <span class=\"meta-nav\">&rarr;<\/span><\/a><\/p>\n","protected":false},"author":2,"featured_media":0,"parent":2249,"menu_order":0,"comment_status":"open","ping_status":"closed","template":"onecolumn-page.php","meta":{"footnotes":""},"class_list":["post-2256","page","type-page","status-publish","hentry"],"_links":{"self":[{"href":"https:\/\/www.fayka.pl\/index.php?rest_route=\/wp\/v2\/pages\/2256","targetHints":{"allow":["GET"]}}],"collection":[{"href":"https:\/\/www.fayka.pl\/index.php?rest_route=\/wp\/v2\/pages"}],"about":[{"href":"https:\/\/www.fayka.pl\/index.php?rest_route=\/wp\/v2\/types\/page"}],"author":[{"embeddable":true,"href":"https:\/\/www.fayka.pl\/index.php?rest_route=\/wp\/v2\/users\/2"}],"replies":[{"embeddable":true,"href":"https:\/\/www.fayka.pl\/index.php?rest_route=%2Fwp%2Fv2%2Fcomments&post=2256"}],"version-history":[{"count":8,"href":"https:\/\/www.fayka.pl\/index.php?rest_route=\/wp\/v2\/pages\/2256\/revisions"}],"predecessor-version":[{"id":2321,"href":"https:\/\/www.fayka.pl\/index.php?rest_route=\/wp\/v2\/pages\/2256\/revisions\/2321"}],"up":[{"embeddable":true,"href":"https:\/\/www.fayka.pl\/index.php?rest_route=\/wp\/v2\/pages\/2249"}],"wp:attachment":[{"href":"https:\/\/www.fayka.pl\/index.php?rest_route=%2Fwp%2Fv2%2Fmedia&parent=2256"}],"curies":[{"name":"wp","href":"https:\/\/api.w.org\/{rel}","templated":true}]}}