{"id":2261,"date":"2014-05-14T21:15:30","date_gmt":"2014-05-14T19:15:30","guid":{"rendered":"http:\/\/www.fayka.pl\/?page_id=2261"},"modified":"2014-10-08T09:09:53","modified_gmt":"2014-10-08T07:09:53","slug":"poradnik-pakowanie","status":"publish","type":"page","link":"https:\/\/www.fayka.pl\/?page_id=2261","title":{"rendered":"Poradnik &#8211; pakowanie"},"content":{"rendered":"<p>Odwieczne pytanie &#8211; w co si\u0119 zapakowa\u0107 na rejs?<\/p>\n<p>Pytanie dodatkowe: jak si\u0119 zapakowa\u0107?<\/p>\n<p>Wszystko zale\u017cy oczywi\u015bcie od okoliczno\u015bci. Ka\u017cdy powie Wam:&#8221;Bro\u0144 Bo\u017ce nie w walizk\u0119!&#8221;<\/p>\n<p>A ja powiem, \u017ce to zale\u017cy&#8230;<\/p>\n<p>Je\u015bli jedziecie samochodem do mariny, z kt\u00f3rej bierzecie jacht, a samoch\u00f3d b\u0119dzie tam parkowa\u0142 przez czas waszego rejsu, to mo\u017cecie zapakowa\u0107 si\u0119 nawet w karton po bananach. Zostawicie go na ten czas w samochodzie, a rzeczy przeniesiecie do jachtu. Je\u015bli jednak wasze &#8222;opakowanie zbiorcze&#8221; b\u0119dzie p\u0142yn\u0119\u0142o z Wami, to walizka oczywi\u015bcie nie jest dobrym pomys\u0142em &#8211; a to z tej prostej przyczyny, \u017ce \u017ceglarz z walizk\u0105 na kei wygl\u0105da obciachowo i zupe\u0142nie nie ma stylu&#8230;<\/p>\n<p>A opr\u00f3cz tego na jachcie nie ma co z t\u0105 cholern\u0105 walizk\u0105 zrobi\u0107. Nie ma gdzie jej upchn\u0105\u0107. Dlatego \u017ceglarze zawsze pakuj\u0105 si\u0119 w mi\u0119kkie worki lub torby. W zasadzie wszystko jest dozwolone, byle by da\u0142o si\u0119 zawin\u0105\u0107 i wepchn\u0105\u0107 do jakiego\u015b zakamarka po wypakowaniu naszych rzeczy. Ale mam swoje prywatne spostrze\u017cenia. Chc\u0105c by\u0107 elegancki i szykowny &#8222;zachcia\u0142em&#8221; sobie (i otrzyma\u0142em od mojej ukochanej \u017cony w prezencie) worek \u017ceglarski Henri Lloyd o jakiej\u015b olbrzymiej pojemno\u015bci. Efekt by\u0142 tragiczny. Zawsze mia\u0142em nadbaga\u017c w samolotach, a wora nie mog\u0142em ud\u017awign\u0105\u0107&#8230;<\/p>\n<p>I tu dochodzimy do kolejnego problemu. W niewielu miejscach na \u015bwiecie mariny s\u0105 po\u0142o\u017cone blisko lotnisk czy dworc\u00f3w. To sprawia, \u017ce z naszym worem, lub torb\u0105 musimy si\u0119 przemieszcza\u0107 niekiedy nawet na spore dystanse. Czasami trzeba zmieni\u0107 lotnisko, zmieni\u0107 \u015brodek transportu, a w du\u017cych marinach keja potrafi mie\u0107 kilkaset metr\u00f3w. Tachanie worka czy torby na taki dystans potrafi nie\u017ale da\u0107 w ko\u015b\u0107.<\/p>\n<p>Dlatego zach\u0119cam do kupienia worka lub torby o pojemno\u015bci maksymalnie 120 litr\u00f3w. Taki pojemnik, \u015brednio upchany ciuchami i naszym sprz\u0119tem, b\u0119dzie wa\u017cy\u0142 dwadzie\u015bcia par\u0119 kilo &#8211; co jest zwyczajowym limitem baga\u017cu. Sam nie jest zbyt ci\u0119\u017cki i nie zabiera cennego limitu. A wygodnego plecaka ze stela\u017cem na rejsie nie potrzebujemy, chyba \u017ce wyprawa jest bardziej rozbudowana, ale to wtedy inne poradniki.<\/p>\n<p>Moim zdaniem idealne s\u0105 worki z demobilu z uchwytami\/szelkami pozwalaj\u0105cymi nosi\u0107 je jak plecak. Kosztuj\u0105 tyle co nic &#8211; ja kupi\u0142em taki za 20 z\u0142otych &#8211; worek z demobilu z niemieckich \u0142odzi podwodnych &#8211; do tego zapi\u0119cie za 15 z\u0142otych, kt\u00f3re pozwala go zapi\u0105\u0107 na k\u0142\u00f3deczk\u0119. Kupi\u0142em zreszt\u0105 takich komplet\u00f3w dziesi\u0119\u0107, wi\u0119c paru moich koleg\u00f3w z du\u017c\u0105 przyjemno\u015bci\u0105 ich u\u017cywa.<\/p>\n<p>A jak stylowo si\u0119 prezentuje taki sprany worek w kolorze ciemnego khaki. Najwi\u0119kszy szczur l\u0105dowy z tym workiem wygl\u0105da na wilka morskiego. W przeciwie\u0144stwie do wymuskanych, metroseksualnych &#8222;\u017ceglarzy &#8211; modeli&#8221; z workami od Henri Lloyda \ud83d\ude09<\/p>\n<p>Mo\u017cna takie worki znale\u017a\u0107 wpisuj\u0105c w google &#8222;Worek Marynarski Transportowy&#8221;, cho\u0107 po dwie dyszki ju\u017c nie widzia\u0142em.<\/p>\n<p>M\u00f3j kupi\u0142em tutaj: <a href=\"http:\/\/armyworld.pl\/product-pol-40-Worek-Transportowy-Marynarski-Torba-z-Brezentu-Wojskowa-Bundeswehr-110l-.html\" target=\"_blank\">http:\/\/armyworld.pl<\/a>, ale teraz s\u0105 po 40 PLN- cho\u0107 uwa\u017cam, \u017ce te\u017c warto.<\/p>\n<p>Przechodzimy do pytania numer dwa &#8211; jak si\u0119 zapakowa\u0107?<\/p>\n<p>Tu przyda si\u0119 opowiastka z mojego rejsu na Antarktyd\u0119. Pewnej nocy w cie\u015bninie Drake&#8217;a na pok\u0142ad wjecha\u0142a nam taka fala, \u017ce przez uchylone okienko w kokpicie wmeldowa\u0142a si\u0119 do kabiny na lewej burcie. Posz\u0142a tak nieszcz\u0119\u015bliwie, \u017ce wpad\u0142a do szafy z rzeczami. Gdy obudzony Darek otworzy\u0142 t\u0119 szaf\u0119, rzeczy wyp\u0142yn\u0119\u0142y z niej wraz z wod\u0105. By\u0142a by kompletna kiszka gdyby nie fakt, \u017ce za moj\u0105 namow\u0105, Darek od pewnego czasu pakuje swoje rzeczy na rejs w torebki foliowe tzw. strunowe. Sto sztuk torebek o wymiarze 200mm x 300 mm kosztuje 15 PLN. Jedna torebka wystarczy na dwa, trzy u\u017cycia, na rejs u\u017cywam do pakowania ok 10-15 sztuk, wi\u0119c taka paczuszka torebek wystarczy wam na powiedzmy 15-20 rejs\u00f3w &#8211; co w przypadku przeci\u0119tnego polskiego \u017ceglarza oznacza 10 lat \ud83d\ude09<\/p>\n<p>U\u017cywam w zasadzie dw\u00f3ch rodzaj\u00f3w &#8211; opisany powy\u017cej oraz troszk\u0119 wi\u0119kszych 200&#215;400.<\/p>\n<p>Pakuj\u0119 w nie wszystko co tekstylne. Teraz opisz\u0119 wam technik\u0119 pakowania prosz\u0119 si\u0119 nie \u015bmia\u0107&#8230;<\/p>\n<p>Przyk\u0142adem b\u0119d\u0105 T-Shirty.<\/p>\n<p>Do torebki wk\u0142adam T-Shirt z\u0142o\u017cony tak, by mia\u0142 wymiar nieco (1cm) mniejszy ni\u017c torebka. Zwykle do jednej torebki wk\u0142adam 2-3 wyprasowane T-Shirty. Rozk\u0142adam je r\u00f3wniutko w torebce, tak by si\u0119 zbytnio nie pogniot\u0142y. Nast\u0119pnie zapinam torebk\u0119, ale nie do ko\u0144ca &#8211; zostawiam ok 1 cm nie zapi\u0119te. K\u0142ad\u0119 t\u0119 torebk\u0119 na twardym krze\u015ble, siadam na niej p\u0142asko umieszczaj\u0105c nie zapi\u0119ty otw\u00f3r mi\u0119dzy nogami. Przywieraj\u0105c p\u0142asko ty\u0142kiem do torebki i krzes\u0142a &#8211; wyciskam z niej maksymalnie du\u017co powietrza. Nie podnosz\u0105c si\u0119, dopinam zamkni\u0119cie. W tym momencie mam pi\u0119knie &#8222;pr\u00f3\u017cniowo&#8221; zapakowan\u0105 koszulk\u0119(i) Mo\u017ce wpa\u015b\u0107 do wody, mo\u017ce co\u015b si\u0119 w worku wyla\u0107, pot\u0142uc, na jachcie mo\u017ce by\u0107 wilgo\u0107, ple\u015b\u0144 i st\u0119chlizna ja zawsze mam suche i wyprasowane koszulki. Co wi\u0119cej zu\u017cyte wracaj\u0105 do torebki i s\u0105 zapinane. Chroni to mnie i wsp\u00f3\u0142towarzyszy przed wydzielanymi przez nie aromatami.<\/p>\n<p>Patent dzia\u0142a ze wszystkim: swetrami, polarami, bielizn\u0105, czapkami, r\u0119kawiczkami, skarpetkami (szczeg\u00f3lnie w drug\u0105 stron\u0119 :-)&#8230; Spodnie tak zapakowane, potrafi\u0105 utrzyma\u0107 elegancki kant przez dwa tygodnie&#8230; Cud mi\u00f3d i orzeszki za 1,5 PLN rocznie.<\/p>\n<p>I ostatni punkt w tej poradzie &#8230; Weight Watchers. Wiem, \u017ce od razu pomy\u015bleli\u015bcie, \u017ce przy mojej wadze, zdesperowany odchudzaniem zapisa\u0142em si\u0119 do tej sekty! Ale nie o to chodzi. Chodzi o wag\u0119 ca\u0142ego worka i pr\u00f3b\u0119 nie przekroczenia limitu samolotowego.<\/p>\n<p>Do planowania listy wyjazdowej u\u017cywam aplikacji na telefon\/tablet jest ich ca\u0142e mn\u00f3stwo na ka\u017cda platform\u0119 Andoida, Winphone czy iPhone\/iPad.<\/p>\n<p>Ja osobi\u015bcie od jakiego\u015b czasu korzystam z aplikacji <a href=\"https:\/\/play.google.com\/store\/apps\/details?id=com.dotnetideas.packinglistfull&amp;hl=pl\" target=\"_blank\">PackingList<\/a>. Nie do\u015b\u0107, \u017ce umo\u017cliwia tworzenie list pakunkowych, szablon\u00f3w, gotowc\u00f3w, to jeszcze pozwala na okre\u015blenie, gdzie rzecz si\u0119 znajduje i dok\u0105d b\u0119dzie zapakowana (baga\u017c podr\u0119czny, kabinowy, rejestrowany, na sobie itd). Wszystko w podziale na kategorie, \u0142\u0105cznie z rzeczami do zrobienia przed wyjazdem i po powrocie. Ale prawdziwym smaczkiem tej aplikacji jest mo\u017cliwo\u015b\u0107 wprowadzenia wagi ka\u017cdego z element\u00f3w &#8211; np. wagi koszulki, czy pary skarpet. A potem program pi\u0119knie wszystko oblicza, na bie\u017c\u0105co z podzia\u0142em na baga\u017ce. To mi pozwala okre\u015bli\u0107 wag\u0119 worka jeszcze przed zapakowaniem i oszcz\u0119dzi\u0107 naprawd\u0119 sporo pracy i przepakowywania.<\/p>\n<p><a title=\"Poradnik \u2013 przygotowanie\" href=\"http:\/\/www.fayka.pl\/?page_id=2256\">&lt;&lt;przygotowanie<\/a> czytaj <a title=\"Poradnik \u2013 dokumenty\" href=\"http:\/\/www.fayka.pl\/?page_id=2259\">dokumenty&gt;&gt;<\/a><\/p>\n","protected":false},"excerpt":{"rendered":"<p>Odwieczne pytanie &#8211; w co si\u0119 zapakowa\u0107 na rejs? Pytanie dodatkowe: jak si\u0119 zapakowa\u0107? Wszystko zale\u017cy oczywi\u015bcie od okoliczno\u015bci. Ka\u017cdy powie Wam:&#8221;Bro\u0144 Bo\u017ce nie w walizk\u0119!&#8221; A ja powiem, \u017ce to zale\u017cy&#8230; Je\u015bli jedziecie samochodem do mariny, z kt\u00f3rej bierzecie &hellip; <a href=\"https:\/\/www.fayka.pl\/?page_id=2261\">Czytaj dalej <span class=\"meta-nav\">&rarr;<\/span><\/a><\/p>\n","protected":false},"author":2,"featured_media":0,"parent":2249,"menu_order":0,"comment_status":"open","ping_status":"open","template":"onecolumn-page.php","meta":{"footnotes":""},"class_list":["post-2261","page","type-page","status-publish","hentry"],"_links":{"self":[{"href":"https:\/\/www.fayka.pl\/index.php?rest_route=\/wp\/v2\/pages\/2261","targetHints":{"allow":["GET"]}}],"collection":[{"href":"https:\/\/www.fayka.pl\/index.php?rest_route=\/wp\/v2\/pages"}],"about":[{"href":"https:\/\/www.fayka.pl\/index.php?rest_route=\/wp\/v2\/types\/page"}],"author":[{"embeddable":true,"href":"https:\/\/www.fayka.pl\/index.php?rest_route=\/wp\/v2\/users\/2"}],"replies":[{"embeddable":true,"href":"https:\/\/www.fayka.pl\/index.php?rest_route=%2Fwp%2Fv2%2Fcomments&post=2261"}],"version-history":[{"count":11,"href":"https:\/\/www.fayka.pl\/index.php?rest_route=\/wp\/v2\/pages\/2261\/revisions"}],"predecessor-version":[{"id":2427,"href":"https:\/\/www.fayka.pl\/index.php?rest_route=\/wp\/v2\/pages\/2261\/revisions\/2427"}],"up":[{"embeddable":true,"href":"https:\/\/www.fayka.pl\/index.php?rest_route=\/wp\/v2\/pages\/2249"}],"wp:attachment":[{"href":"https:\/\/www.fayka.pl\/index.php?rest_route=%2Fwp%2Fv2%2Fmedia&parent=2261"}],"curies":[{"name":"wp","href":"https:\/\/api.w.org\/{rel}","templated":true}]}}