{"id":2265,"date":"2014-05-14T21:16:28","date_gmt":"2014-05-14T19:16:28","guid":{"rendered":"http:\/\/www.fayka.pl\/?page_id=2265"},"modified":"2014-12-31T14:58:41","modified_gmt":"2014-12-31T13:58:41","slug":"poradnik-ubrania-cywilne","status":"publish","type":"page","link":"https:\/\/www.fayka.pl\/?page_id=2265","title":{"rendered":"Poradnik &#8211; ubrania cywilne"},"content":{"rendered":"<p>Oczywi\u015bcie, gdy Wasz rejs to b\u0119dzie oranie morza lub oceanu przez trzy tygodnie, to \u017cadne ubrania opr\u00f3cz morskich nie s\u0105 Wam potrzebne \ud83d\ude42<\/p>\n<p>Ja jednak wol\u0119 bardziej urozmaicone podr\u00f3\u017cowanie. Dlatego zawsze rozdzielam te dwa rodzaje ubra\u0144. Na zwiedzanie muze\u00f3w, czy ko\u015bcio\u0142\u00f3w nie p\u00f3jdziecie przecie\u017c w kr\u00f3tkich spodenkach pok\u0142adowych. A mo\u017ce wieczorkiem niegrzeczni koledzy wyci\u0105gn\u0105 was do klubu nocnego&#8230; w sztormiaku nie wypada &#8211; zreszt\u0105 pewnie nie wpuszcz\u0105 na bramce.<\/p>\n<p>Warto zatem mie\u0107 w rezerwie troch\u0119 ubra\u0144 &#8222;cywilnych&#8221;. Oczywi\u015bcie to bardzo zale\u017cy od okoliczno\u015bci i ka\u017cdy dobierze sobie to sam. Polecam jednak zwr\u00f3ci\u0107 uwag\u0119 na nast\u0119puj\u0105ce obszary:<\/p>\n<ul>\n<li>buty &#8211; z jednej strony wygodne sportowe\/trekingowe do zwiedzania, a mo\u017ce warto te\u017c zabra\u0107 takie w kt\u00f3rych mo\u017cemy bez wstydu pojawi\u0107 si\u0119 w restauracji na kolacji z nasz\u0105 wybrank\u0105 serca.<\/li>\n<li>spodnie &#8211; jedna para spodni nieco bardziej eleganckich ni\u017c boj\u00f3wki da nam szersze pole manewru. Po u\u017cyciu rozci\u0105gamy, sk\u0142adamy elegancko i zapinamy w torebeczce strunowej &#8211; b\u0119d\u0105 jak znalaz\u0142 na nast\u0119pne wyj\u015bcie. Oczywi\u015bcie Panie mog\u0105 pomy\u015ble\u0107 o sp\u00f3dniczce lub sukience &#8211; ale tu nie b\u0119d\u0119 si\u0119 wypowiada\u0142.<\/li>\n<li>dwa\/trzy wyprasowane T-Shirt&#8217;y, ja zabieram te\u017c ze dwie koszulki polo z ko\u0142nierzykiem. Spodnie i koszulka polo to moim zdaniem ca\u0142kiem elegancki zestaw.<\/li>\n<li>Koszula typu casual, prawie zawsze mam na rejsie zapakowan\u0105 tak\u0105 koszul\u0119 z d\u0142ugim r\u0119kawem &#8211; do\u015b\u0107 eleganck\u0105 w kratk\u0119. Z ko\u0142nierzykiem zapinanym na guziczki &#8211; bez krawata oczywi\u015bcie. Ale to ju\u017c jest bro\u0144 ci\u0119\u017cka \ud83d\ude42 Mam tu na my\u015bli takie koszule:<br \/>\n<a href=\"http:\/\/stylecult.files.wordpress.com\/2013\/11\/picture-5.jpg\" target=\"_blank\">http:\/\/stylecult.files.wordpress.com\/2013\/11\/picture-5.jpg<\/a>,<br \/>\n<a href=\"http:\/\/www.wolczanka.com.pl\/wolczanka\/koszula-wolczanka,id-64751\" target=\"_blank\">http:\/\/www.wolczanka.com.pl\/wolczanka\/koszula-wolczanka,id-64751<\/a>,<br \/>\n<a href=\"http:\/\/www.wolczanka.com.pl\/wolczanka\/koszula-wolczanka,id-66760\" target=\"_blank\">http:\/\/www.wolczanka.com.pl\/wolczanka\/koszula-wolczanka,id-66760<\/a><br \/>\ni zapewniam was, \u017ce dobrze wyprasowana, z\u0142o\u017cona w kostk\u0119, zapakowana pr\u00f3\u017cniowo w woreczek strunowy nawet po dziesi\u0119ciu dniach wyj\u0119ta, odwieszona przez godzink\u0119 wygl\u0105da bardzo elegancko.<\/li>\n<li>No i by\u0142bym zapomnia\u0142 &#8211; koniecznie skarpetki &#8211; ale ciemne, nie bia\u0142e frote &#8211; bo te to tylko do sanda\u0142\u00f3w w resortach All-Inclusive.<\/li>\n<\/ul>\n<p>To na co chc\u0119 zwr\u00f3ci\u0107 uwag\u0119 to fakt, \u017ce minimalnym wysi\u0142kiem mo\u017cemy by\u0107 przygotowani na rozmaite okoliczno\u015bci i nie zawsze musimy wygl\u0105da\u0107 jak wymi\u0119ci \u017ceglarze wyci\u0105gni\u0119ci psu z gard\u0142a &#8230;<\/p>\n<p>Wszak \u017ceglarstwo to kwintesencja elegancji. Nieprawda\u017c?<\/p>\n<p><a title=\"Poradnik \u2013 ubrania morskie\" href=\"http:\/\/www.fayka.pl\/?page_id=2263\">&lt;&lt;ubrania morskie<\/a> czytaj <a title=\"Poradnik \u2013 higiena\" href=\"http:\/\/www.fayka.pl\/?page_id=2333\">higiena&gt;&gt;<\/a><\/p>\n","protected":false},"excerpt":{"rendered":"<p>Oczywi\u015bcie, gdy Wasz rejs to b\u0119dzie oranie morza lub oceanu przez trzy tygodnie, to \u017cadne ubrania opr\u00f3cz morskich nie s\u0105 Wam potrzebne \ud83d\ude42 Ja jednak wol\u0119 bardziej urozmaicone podr\u00f3\u017cowanie. Dlatego zawsze rozdzielam te dwa rodzaje ubra\u0144. Na zwiedzanie muze\u00f3w, czy &hellip; <a href=\"https:\/\/www.fayka.pl\/?page_id=2265\">Czytaj dalej <span class=\"meta-nav\">&rarr;<\/span><\/a><\/p>\n","protected":false},"author":2,"featured_media":0,"parent":2249,"menu_order":0,"comment_status":"open","ping_status":"open","template":"onecolumn-page.php","meta":{"footnotes":""},"class_list":["post-2265","page","type-page","status-publish","hentry"],"_links":{"self":[{"href":"https:\/\/www.fayka.pl\/index.php?rest_route=\/wp\/v2\/pages\/2265","targetHints":{"allow":["GET"]}}],"collection":[{"href":"https:\/\/www.fayka.pl\/index.php?rest_route=\/wp\/v2\/pages"}],"about":[{"href":"https:\/\/www.fayka.pl\/index.php?rest_route=\/wp\/v2\/types\/page"}],"author":[{"embeddable":true,"href":"https:\/\/www.fayka.pl\/index.php?rest_route=\/wp\/v2\/users\/2"}],"replies":[{"embeddable":true,"href":"https:\/\/www.fayka.pl\/index.php?rest_route=%2Fwp%2Fv2%2Fcomments&post=2265"}],"version-history":[{"count":6,"href":"https:\/\/www.fayka.pl\/index.php?rest_route=\/wp\/v2\/pages\/2265\/revisions"}],"predecessor-version":[{"id":2453,"href":"https:\/\/www.fayka.pl\/index.php?rest_route=\/wp\/v2\/pages\/2265\/revisions\/2453"}],"up":[{"embeddable":true,"href":"https:\/\/www.fayka.pl\/index.php?rest_route=\/wp\/v2\/pages\/2249"}],"wp:attachment":[{"href":"https:\/\/www.fayka.pl\/index.php?rest_route=%2Fwp%2Fv2%2Fmedia&parent=2265"}],"curies":[{"name":"wp","href":"https:\/\/api.w.org\/{rel}","templated":true}]}}