{"id":2267,"date":"2014-05-14T21:16:52","date_gmt":"2014-05-14T19:16:52","guid":{"rendered":"http:\/\/www.fayka.pl\/?page_id=2267"},"modified":"2014-12-31T18:53:51","modified_gmt":"2014-12-31T17:53:51","slug":"poradnik-elektronika","status":"publish","type":"page","link":"https:\/\/www.fayka.pl\/?page_id=2267","title":{"rendered":"Poradnik &#8211; elektronika"},"content":{"rendered":"<p>Dzisiaj ka\u017cdy ma troch\u0119 elektroniki przy sobie. Lista jest potrzebna g\u0142\u00f3wnie po to by zabra\u0107 wszystko z powrotem i nic nie zostawi\u0107 na jachcie po rejsie \ud83d\ude09 Lista mo\u017ce bardzo r\u00f3\u017cna, zale\u017cy ile gad\u017cet\u00f3w macie. U mnie zwykle jest to:<\/p>\n<ul>\n<li>telefon kom\u00f3rkowy<\/li>\n<li>tablet<\/li>\n<li>czytnik e-book\u00f3w<\/li>\n<li>s\u0142uchawki<\/li>\n<li>\u0142adowarka sieciowa do tych trzech urz\u0105dze\u0144<\/li>\n<li>\u0142adowarka 12V (przej\u015bci\u00f3wka)<\/li>\n<li>przej\u015bci\u00f3wka na r\u00f3\u017cne gniazdka sieciowe &#8211; mam uniwersaln\u0105 na kilkadziesi\u0105t kraj\u00f3w<\/li>\n<li>aparat fotograficzny z przydatkami<\/li>\n<li>du\u017co kart pami\u0119ci<\/li>\n<li>trzy komplety na\u0142adowanych baterii do aparatu<\/li>\n<li>\u0142adowarka do baterii<\/li>\n<\/ul>\n<p>Z innych popularnych<\/p>\n<ul>\n<li>kamera (nie mam, ale ludziska zwykle zabieraj\u0105)<\/li>\n<li>notebook<\/li>\n<li>GoPro lub co\u015b podobnego<\/li>\n<\/ul>\n<p>No i warto mie\u0107 na ca\u0142y ten majdan oddzielny pojemnik. Ja zawsze zabieram specjalny plecaczek na elektronik\u0119. Troszk\u0119 mniej ba\u0142aganu i \u0142atwiej wszystko ogarn\u0105\u0107.<\/p>\n<p><a title=\"Poradnik \u2013 apteczka\" href=\"http:\/\/www.fayka.pl\/?page_id=2270\">&lt;&lt;apteczka<\/a> czytaj <a title=\"Poradnik \u2013 sprz\u0119t r\u00f3\u017cny\" href=\"http:\/\/www.fayka.pl\/?page_id=2286\">sprz\u0119t r\u00f3\u017cny&gt;&gt;<\/a><\/p>\n","protected":false},"excerpt":{"rendered":"<p>Dzisiaj ka\u017cdy ma troch\u0119 elektroniki przy sobie. Lista jest potrzebna g\u0142\u00f3wnie po to by zabra\u0107 wszystko z powrotem i nic nie zostawi\u0107 na jachcie po rejsie \ud83d\ude09 Lista mo\u017ce bardzo r\u00f3\u017cna, zale\u017cy ile gad\u017cet\u00f3w macie. U mnie zwykle jest to: &hellip; <a href=\"https:\/\/www.fayka.pl\/?page_id=2267\">Czytaj dalej <span class=\"meta-nav\">&rarr;<\/span><\/a><\/p>\n","protected":false},"author":2,"featured_media":0,"parent":2249,"menu_order":0,"comment_status":"open","ping_status":"open","template":"onecolumn-page.php","meta":{"footnotes":""},"class_list":["post-2267","page","type-page","status-publish","hentry"],"_links":{"self":[{"href":"https:\/\/www.fayka.pl\/index.php?rest_route=\/wp\/v2\/pages\/2267","targetHints":{"allow":["GET"]}}],"collection":[{"href":"https:\/\/www.fayka.pl\/index.php?rest_route=\/wp\/v2\/pages"}],"about":[{"href":"https:\/\/www.fayka.pl\/index.php?rest_route=\/wp\/v2\/types\/page"}],"author":[{"embeddable":true,"href":"https:\/\/www.fayka.pl\/index.php?rest_route=\/wp\/v2\/users\/2"}],"replies":[{"embeddable":true,"href":"https:\/\/www.fayka.pl\/index.php?rest_route=%2Fwp%2Fv2%2Fcomments&post=2267"}],"version-history":[{"count":7,"href":"https:\/\/www.fayka.pl\/index.php?rest_route=\/wp\/v2\/pages\/2267\/revisions"}],"predecessor-version":[{"id":2471,"href":"https:\/\/www.fayka.pl\/index.php?rest_route=\/wp\/v2\/pages\/2267\/revisions\/2471"}],"up":[{"embeddable":true,"href":"https:\/\/www.fayka.pl\/index.php?rest_route=\/wp\/v2\/pages\/2249"}],"wp:attachment":[{"href":"https:\/\/www.fayka.pl\/index.php?rest_route=%2Fwp%2Fv2%2Fmedia&parent=2267"}],"curies":[{"name":"wp","href":"https:\/\/api.w.org\/{rel}","templated":true}]}}