{"id":2270,"date":"2014-05-14T21:17:30","date_gmt":"2014-05-14T19:17:30","guid":{"rendered":"http:\/\/www.fayka.pl\/?page_id=2270"},"modified":"2014-12-31T19:19:46","modified_gmt":"2014-12-31T18:19:46","slug":"poradnik-apteczka","status":"publish","type":"page","link":"https:\/\/www.fayka.pl\/?page_id=2270","title":{"rendered":"Poradnik &#8211; apteczka"},"content":{"rendered":"<p>Na jachcie pewnie b\u0119dzie apteczka, ja jednak lubi\u0119 by\u0107 niezale\u017cny. Zawsze zabieram na wyprawy swoj\u0105 w\u0142asn\u0105 malutk\u0105 apteczk\u0119. Nie zajmuje du\u017co miejsca, a w razie czego jak znalaz\u0142. Nie zlicz\u0119 ile razy &#8222;ratowa\u0142em&#8221; ludzi na rejsach a to tabletk\u0105 przeciwb\u00f3low\u0105, a to plastrem a to Smect\u0105. Oczywi\u015bcie mo\u017ce do tego celu s\u0142u\u017cy\u0107 dowolne pude\u0142eczko. Ja kupi\u0142em sobie mini apteczk\u0119 turystyczn\u0105 firmy <a href=\"http:\/\/www.tatonka.pl\/index.php\/produkty?page=shop.product_details&amp;flypage=flypage.tpl&amp;product_id=206&amp;category_id=14\" target=\"_blank\">Tatonka<\/a>. Zawsze to powa\u017cniej wygl\u0105da. A w \u015brodku mam:<\/p>\n<ul>\n<li>na skaleczenia\n<ul>\n<li>zestaw plastr\u00f3w fizelinowych &#8211; wa\u017cne by nie odkleja\u0142y si\u0119 pod wp\u0142ywem wilgoci.<\/li>\n<li>banda\u017c zwyk\u0142y &#8211; dwie rolki,<\/li>\n<li>banda\u017c elastyczny<\/li>\n<li>no\u017cyczki<\/li>\n<li>ja\u0142owe gaziki<\/li>\n<li>lateksowe r\u0119kawiczki jednorazowe<\/li>\n<li>jednorazowe gaziki odka\u017caj\u0105ce Leko<\/li>\n<\/ul>\n<\/li>\n<li>na prz\u0119ziebienia\n<ul>\n<li>saszetki typu Coldrex &#8211; co kto lubi<\/li>\n<li>Gripex<\/li>\n<li>Aspiryn\u0119<\/li>\n<li>Rutinoscorbin<\/li>\n<li>Witamin\u0119 C<\/li>\n<\/ul>\n<\/li>\n<li>przeciwb\u00f3lowe\n<ul>\n<li>Co\u015b z paracetamol\u00f3w<\/li>\n<li>Co\u015b z ibuprofen\u00f3w<\/li>\n<li>Pyralgina<\/li>\n<li>Ketonal &#8211; wersja hardcore tylko w razie jakiego\u015b dramatu<\/li>\n<\/ul>\n<\/li>\n<li>na k\u0142opoty \u017co\u0142\u0105dkowe\n<ul>\n<li>w\u0119giel leczniczy<\/li>\n<li>saszetki Smecta (nie stosowa\u0107 razem z w\u0119glem)<\/li>\n<li>loperamid<\/li>\n<\/ul>\n<\/li>\n<li>pozosta\u0142e\n<ul>\n<li>\u017cel na oparzenia<\/li>\n<li>\u017cel na uczulenia<\/li>\n<li>wapno (na alergie i uczulenia)<\/li>\n<li>co\u015b na zaparcia (cho\u0107 cz\u0119\u015bciej jest odwrotnie)<\/li>\n<\/ul>\n<\/li>\n<\/ul>\n<p>Warto te\u017c pami\u0119ta\u0107 o woreczkach do rzygania. Wiem, \u017ce temat jest okropny, ale to si\u0119 dzieje i nic na to nie poradzimy. Ludzie zwykle kupuj\u0105 rolk\u0119 work\u00f3w na \u015bmieci, haftuj\u0105 do nich i potem wywalaj\u0105 za burt\u0119. I co &#8211; chamski plastik l\u0105duje w wodzie &#8211; a przecie\u017c jeste\u015bmy \u017ceglarzami. Ja sobie poradzi\u0142em tak , \u017ce przy ka\u017cdej okazji zgarniam torebki chorobowe w samolotach, i mam pewien zapas. To s\u0105 torebki papierowe i mo\u017cna je \u015bmia\u0142o wywala\u0107 za burt\u0119. Znalaz\u0142em w Jukeju sklep z biodegradowalnymi torebkami Sick Bags <a href=\"http:\/\/www.purpleturtle.co.uk\/acatalog\/Sick-Bags---Biodegradable-150.html#SID=265\" target=\"_blank\">http:\/\/www.purpleturtle.co.uk\/acatalog\/Sick-Bags&#8212;Biodegradable-150.html#SID=265<\/a>. B\u0119d\u0119 zamawia\u0142 ze sto sztuk na Fayk\u0119. Mo\u017ce s\u0105 ch\u0119tni to mog\u0119 zam\u00f3wi\u0107 wi\u0119cej. Gdyby si\u0119 uzbiera\u0142o z pi\u0119\u0107 jacht\u00f3w to wr\u00f3ci\u0142y by si\u0119 koszty transportu. A warto mie\u0107 nawet dla go\u015bci&#8230;<\/p>\n<p>To jest m\u00f3j prywatny wyb\u00f3r, pami\u0119tajcie, \u017ce apteczka jest mikroskopijna, wszystkie leki wyjmuj\u0119 z pude\u0142ek, bo listek zajmuje mniej miejsca. Wa\u017cne tez by wywala\u0107 przeterminowane leki i uzupe\u0142nia\u0107 zawsze apteczk\u0119 przed wyjazdem. Dobrze jest mie\u0107 w niej karteczk\u0119 (zalaminowan\u0105) z zawarto\u015bci\u0105 naszej apteczki. W\u00f3wczas nie musimy od nowa my\u015ble\u0107 tylko automatycznie uzupe\u0142niamy. Ale mo\u017ce kole\u017canki i koledzy lekarze by si\u0119 wypowiedzieli w tym temacie. Maj\u0105c oczywi\u015bcie na uwadze wielko\u015b\u0107 apteczki i dost\u0119pno\u015b\u0107 lek\u00f3w.<\/p>\n<p><a title=\"Poradnik \u2013 higiena\" href=\"http:\/\/www.fayka.pl\/?page_id=2333\">&lt;&lt;higiena<\/a> czytaj <a title=\"Poradnik \u2013 elektronika\" href=\"http:\/\/www.fayka.pl\/?page_id=2267\">elektronika&gt;&gt;<\/a><\/p>\n","protected":false},"excerpt":{"rendered":"<p>Na jachcie pewnie b\u0119dzie apteczka, ja jednak lubi\u0119 by\u0107 niezale\u017cny. Zawsze zabieram na wyprawy swoj\u0105 w\u0142asn\u0105 malutk\u0105 apteczk\u0119. Nie zajmuje du\u017co miejsca, a w razie czego jak znalaz\u0142. Nie zlicz\u0119 ile razy &#8222;ratowa\u0142em&#8221; ludzi na rejsach a to tabletk\u0105 przeciwb\u00f3low\u0105, &hellip; <a href=\"https:\/\/www.fayka.pl\/?page_id=2270\">Czytaj dalej <span class=\"meta-nav\">&rarr;<\/span><\/a><\/p>\n","protected":false},"author":2,"featured_media":0,"parent":2249,"menu_order":0,"comment_status":"open","ping_status":"open","template":"onecolumn-page.php","meta":{"footnotes":""},"class_list":["post-2270","page","type-page","status-publish","hentry"],"_links":{"self":[{"href":"https:\/\/www.fayka.pl\/index.php?rest_route=\/wp\/v2\/pages\/2270","targetHints":{"allow":["GET"]}}],"collection":[{"href":"https:\/\/www.fayka.pl\/index.php?rest_route=\/wp\/v2\/pages"}],"about":[{"href":"https:\/\/www.fayka.pl\/index.php?rest_route=\/wp\/v2\/types\/page"}],"author":[{"embeddable":true,"href":"https:\/\/www.fayka.pl\/index.php?rest_route=\/wp\/v2\/users\/2"}],"replies":[{"embeddable":true,"href":"https:\/\/www.fayka.pl\/index.php?rest_route=%2Fwp%2Fv2%2Fcomments&post=2270"}],"version-history":[{"count":6,"href":"https:\/\/www.fayka.pl\/index.php?rest_route=\/wp\/v2\/pages\/2270\/revisions"}],"predecessor-version":[{"id":2479,"href":"https:\/\/www.fayka.pl\/index.php?rest_route=\/wp\/v2\/pages\/2270\/revisions\/2479"}],"up":[{"embeddable":true,"href":"https:\/\/www.fayka.pl\/index.php?rest_route=\/wp\/v2\/pages\/2249"}],"wp:attachment":[{"href":"https:\/\/www.fayka.pl\/index.php?rest_route=%2Fwp%2Fv2%2Fmedia&parent=2270"}],"curies":[{"name":"wp","href":"https:\/\/api.w.org\/{rel}","templated":true}]}}