{"id":2288,"date":"2014-05-14T21:48:05","date_gmt":"2014-05-14T19:48:05","guid":{"rendered":"http:\/\/www.fayka.pl\/?page_id=2288"},"modified":"2014-12-31T19:00:20","modified_gmt":"2014-12-31T18:00:20","slug":"poradnik-wydatki","status":"publish","type":"page","link":"https:\/\/www.fayka.pl\/?page_id=2288","title":{"rendered":"Poradnik &#8211; wydatki"},"content":{"rendered":"<p>Pieni\u0105dze to temat tak dra\u017cliwy, jak tylko mo\u017cna sobie wyobrazi\u0107. Gdy wspominam o stosowanym przeze mnie rozwi\u0105zaniu, prawie zawsze s\u0142ysz\u0119: &#8222;Eeee po co to tak wydziwia\u0107, nie mo\u017cna normalnie, zrzutka do kasy jachtowej i tyle&#8221;.<\/p>\n<p>Mo\u017ce i mo\u017cna ale&#8230;<\/p>\n<p>M\u00f3wimy o rejsie, podr\u00f3\u017cy, wsp\u00f3lnej wyprawie r\u00f3wnoprawnych uczestnik\u00f3w. R\u00f3wnoprawnych w znaczeniu\u00a0 wydatk\u00f3w. Np grupa przyjaci\u00f3\u0142 wynajmuje jacht. Grupa znajomych jedzie na rowery, paczka student\u00f3w wyje\u017cd\u017ca z plecakami do Gruzji itp.<br \/>\nGdy jest mowa o sytuacji, kiedy dopisujemy si\u0119 do rejsu jako szary uczestnik, to pewnie damy swoj\u0105 dol\u0119 do kasy jachtu i nic nas nie b\u0119dzie obchodzi\u0142o.<\/p>\n<p>Ale wr\u00f3\u0107my do metody stosowanej przeze mnie. Zrzutka do kasy ma nast\u0119puj\u0105ce wady:<\/p>\n<ul>\n<li>s\u0105 wydatki przed imprez\u0105. Zaliczki, kaucje, rezerwacje, zakupy, ubezpieczenia grupowe, bilety. Cz\u0119sto wygodniej i taniej jest kupi\u0107 bilety hurtem, ludzie maj\u0105 rozmaite zni\u017cki, kto\u015b ma kart\u0119 do Makro czy innego sklepu. Do tego te wydatki s\u0105 p\u0142acone wszelkimi mo\u017cliwymi\u00a0 formami p\u0142atno\u015bci: przelewy, karta, PayPal, got\u00f3wka. Cz\u0119sto s\u0105 to r\u00f3\u017cne waluty. Zrzuci\u0107 do kasy si\u0119 nie mo\u017cna, bo przecie\u017c kasa jeszcze nie istnieje.<\/li>\n<\/ul>\n<ul>\n<li>brak mo\u017cliwo\u015bci wrzucenia karty do wsp\u00f3lnej kasy. W dzisiejszych czasach ludzie coraz cz\u0119\u015bciej pos\u0142uguj\u0105 si\u0119 plastikiem, tak\u017ce za granic\u0105.<\/li>\n<\/ul>\n<ul>\n<li>wielowalutowo\u015b\u0107. Nawet w obszarze Ba\u0142tyku jest siedem walut. Cho\u0107by w trakcie rejsu SAFE p\u0142acili\u015bmy z\u0142ot\u00f3wkami, euro, koronami szwedzkimi, \u0142atami \u0142otewskimi i litami litewskimi. Wrzucenie z\u0142ot\u00f3wek do kasy jachtowej nie zwolni nas od problemu wymiany walut, a gdzie to robi\u0107 w marinie?<\/li>\n<\/ul>\n<ul>\n<li>mieszane rozliczenia, nawet je\u015bli jest &#8222;kasa jachtowa\/wsp\u00f3lna&#8221; i tak rozliczenia pozosta\u0142e s\u0105 robione niezale\u017cnie &#8211; cho\u0107by wcze\u015bniejszy zakup bilet\u00f3w. Potem jest siedzenie z kartk\u0105 papieru i rozgryzanie. &#8222;dobra dali\u015bmy do kasy po trzysta z\u0142otych i po sto euro, ale Marek kupi\u0142 bilety na samolot to wysz\u0142o po 532 z\u0142ote -ka\u017cdy jest krewny Markowi, a Kuba zap\u0142aci\u0142 za bilety wst\u0119pu do Alhambry on-line po 17 Euro za ka\u017cdego. Na to Romek ja ju\u017c nie mam euro, mog\u0119 da\u0107 w z\u0142ot\u00f3wkach itp itd.<\/li>\n<\/ul>\n<ul>\n<li>ograniczone bezpiecze\u0144stwo. Gdy jest wsp\u00f3lna kasa utrata tej\u017ce skutkuje powa\u017cnym problemem dla wszystkich. Np. w\u0142amanie do jachtu pozbawia nas wszystkich ca\u0142ych wsp\u00f3lnych pieni\u0119dzy.<\/li>\n<\/ul>\n<ul>\n<li>zakup ze wsp\u00f3lnej kasy \u017cywno\u015bci. Np kto\u015b nie je mi\u0119sa &#8211; dlaczego ma p\u0142aci\u0107 za nie? Albo nie je s\u0142odyczy itp. Albo nie pije piwa&#8230; no nie to ju\u017c perwersja.<\/li>\n<\/ul>\n<ul>\n<li>nier\u00f3wne podzia\u0142y. Przyk\u0142ad: wychodzimy razem do restauracji, dwie osoby zamawiaj\u0105 sa\u0142atk\u0119, jedna moussak\u0119 jedna miecznika, a jedna homara. Do tego dwie zamawiaj\u0105 piwko, a reszta buteleczk\u0119 Chianti. Wszyscy zgadzaj\u0105 si\u0119 da\u0107 dziesi\u0119\u0107 procent napiwku. Za rachunek p\u0142aci jedna z os\u00f3b kart\u0105, napiwek daje druga got\u00f3wk\u0105. Wszyscy zgadzaj\u0105 si\u0119, \u017ce dzielimy nie po r\u00f3wno, ale wed\u0142ug &#8222;zu\u017cycia&#8221;. Liczenie tego na karteczce jest uci\u0105\u017cliwe.<\/li>\n<\/ul>\n<ul>\n<li>trudno\u015b\u0107 kupowania spontanicznego. Przyk\u0142ad: dwie osoby s\u0105 na ryneczku i widz\u0105 pi\u0119kne arbuzy, melony i figi. Kupuj\u0105 dla wszystkich. P\u0142ac\u0105 18 euro. Na jachcie ca\u0142a za\u0142oga jest zachwycona, ale z &#8222;kasy jachtowej&#8221; mo\u017cna odda\u0107 tylko w z\u0142ot\u00f3wkach. Podj\u0119cie decyzji o zakupie tych owoc\u00f3w wcze\u015bniej mog\u0142o by by\u0107 trudne&#8230;<\/li>\n<\/ul>\n<ul>\n<li>brak bie\u017c\u0105cej, \u0142atwej kontroli nad wydatkami. Nie mamy pe\u0142nej ci\u0105g\u0142ej kontroli na co i ile posz\u0142o. Szczeg\u00f3lnie, gdy to nie my zarz\u0105dzany kas\u0105 jachtow\u0105 \ud83d\ude09<\/li>\n<\/ul>\n<ul>\n<li>brak historii wydatk\u00f3w. Dla mnie jest to wa\u017cne przy planowaniu kolejnych imprez. Maj\u0105c dost\u0119pn\u0105 histori\u0119 mog\u0119 jako\u015b oszacowa\u0107 przysz\u0142e wydatki na podobne imprezy.<\/li>\n<\/ul>\n<ul>\n<li>brak demokracji. Gdy jest kasa jachtowa, to kto\u015b zawsze ni\u0105 zarz\u0105dza. A gdy kto\u015b zarz\u0105dza trudno o demokracj\u0119.<\/li>\n<\/ul>\n<p>Jakie\u015b dziesi\u0119\u0107 lat temu zaprojektowa\u0142em arkusz w Excelu, kt\u00f3ry po wprowadzeniu danych oblicza\u0142 na bie\u017c\u0105co podzia\u0142 koszt\u00f3w. Na jachcie zwykle by\u0142 laptop do nawigacji i mo\u017cna by\u0142o go wykorzysta\u0107. Dawa\u0142o si\u0119 korzysta\u0107, ale wygoda by\u0142a \u015brednia. Wtedy jeszcze nie by\u0142o smartfon\u00f3w, iPhone, tablet\u00f3w, ale by\u0142y ju\u017c palmtopy. I na moim Palm V zainstalowa\u0142em sobie programik prowadz\u0105cy takie rozliczenia. U\u017cywali\u015bmy go z przyjaci\u00f3\u0142mi przez wiele lat. Ale urz\u0105dzenia Palm przesz\u0142y ju\u017c do historii. W ubieg\u0142ym roku zrobi\u0142em wi\u0119c dok\u0142adny &#8222;risercz&#8221; co takiego oferuje rynek w zakresie tego rodzaju oprogramowania. Poniewa\u017c obecnie u\u017cywam telefonu z Androidem na tym obszarze si\u0119 skupi\u0142em. W sklepie Google znalaz\u0142em oko\u0142o dwudziestu aplikacji pomagaj\u0105cych w zarz\u0105dzaniu wydatkami w podr\u00f3\u017cy. Przetestowa\u0142em dziesi\u0119\u0107. Na placu boju pozosta\u0142a jedna: <a href=\"https:\/\/play.google.com\/store\/apps\/details?id=org.marbot.travel.money.free\" target=\"_blank\">TravelMoney<\/a>. Oczywi\u015bcie ten wyb\u00f3r jest subiektywny, oparty na moich osobistych preferencjach. Tak jak zreszt\u0105 wi\u0119kszo\u015b\u0107 z tego co opisuj\u0119 na swoim blogu&#8230;<\/p>\n<p>Jak to dzia\u0142a?<\/p>\n<ul>\n<li>Instalujecie program na telefonie, tablecie<\/li>\n<li>W programie zak\u0142adacie now\u0105 wycieczk\u0119 (trip)<\/li>\n<li>Dodajcie uczestnik\u00f3w &#8211; mo\u017cna wybra\u0107 z waszej ksi\u0105\u017cki kontakt\u00f3w, warto uzupe\u0142ni\u0107 emaile &#8211; przyda si\u0119 potem<\/li>\n<\/ul>\n<p>Gotowe.<\/p>\n<p>Od tej chwili ka\u017cdy wydatek wpisujcie do telefonu. Operacja wpisania trwa par\u0119 sekund. Trzeba poda\u0107 kto p\u0142aci\u0142, ile co to by\u0142o, kategoria (warto poda\u0107 do cel\u00f3w statystyki) i na kogo jest podzielony ten wydatek. Opcji jest wi\u0119cej. Mo\u017cna wybra\u0107 walut\u0119 (program sam pobiera kursy walut), mo\u017cna wprowadzi\u0107 nier\u00f3wne podzia\u0142y, mo\u017cna wpisa\u0107 wi\u0119cej os\u00f3b p\u0142ac\u0105cych, mo\u017cna dopisa\u0107 w\u0142asne waluty, doda\u0107 kategorie, wpisa\u0107 transfer pieni\u0119dzy. Warto pobawi\u0107 si\u0119 troch\u0119 opcjami programu.<\/p>\n<p>Ze stoperem w r\u0119ku wpisanie pozycji &#8222;Zakupy spo\u017cywcze&#8221;, w kategorii Food, i kwocie 98,23 PLN zaj\u0119\u0142o mi 16 sekund. Zreszt\u0105 program podpowie co trzeba i to co ostatnio by\u0142o wybierane.<\/p>\n<p>I to ju\u017c w zasadzie wszystko.<\/p>\n<p>Od tego momentu na bie\u017c\u0105co wiadomo jaki jest stan rozlicze\u0144. Program pokazuje, kto jest na plusie, kto na minusie. Od razu wiadomo, kto powinien robi\u0107 nast\u0119pne zakupy czy zap\u0142aci\u0107 za marin\u0119. W dowolnym momencie mo\u017cna dokona\u0107 transferu pieni\u0119dzy pomi\u0119dzy uczestnikami. Kolejn\u0105 ciekaw\u0105 funkcjonalno\u015bci\u0105 programu jest mo\u017cliwo\u015b\u0107 zaproszenie do niego uczestnik\u00f3w wyprawy. Wystarczy klikn\u0105\u0107 przycisk w programie. Uczestnicy dostaj\u0105 link do naszej wycieczki i maj\u0105c zainstalowany program tak\u017ce mog\u0105 uzupe\u0142nia\u0107 wydatki oraz \u015bledzi\u0107 koszty. Na koniec bezpo\u015brednio z programu mo\u017cna rozes\u0142a\u0107 mailem do wszystkich podsumowanie finansowe imprezy.<\/p>\n<p>Nawi\u0105za\u0142em kontakt z autorem i jako wolontariusz przet\u0142umaczy\u0142em go na polski. Wersja z j\u0119zykiem polskim jest ju\u017c opublikowana.<\/p>\n<p>Program wyst\u0119puje w dw\u00f3ch postaciach. Darmowej &#8211; do pi\u0119\u0107dziesi\u0119ciu pozycji kosztownych na ka\u017cd\u0105 wycieczk\u0119 i p\u0142atnej &#8211; bez ogranicze\u0144. Wersja p\u0142atna jest &#8222;droga&#8221; &#8211; kosztuje nieca\u0142e 8 z\u0142otych (7,99)<\/p>\n<p>A tu jest link do filmiku na YouTube z reklam\u00f3wk\u0105 programu: <a href=\"http:\/\/www.youtube.com\/watch?v=OKspdfyrhSQ\" target=\"_blank\">http:\/\/www.youtube.com\/watch?v=OKspdfyrhSQ<\/a><\/p>\n<p><a title=\"Poradnik \u2013 sprz\u0119t r\u00f3\u017cny\" href=\"http:\/\/www.fayka.pl\/?page_id=2286\">&lt;&lt;sprz\u0119t r\u00f3\u017cny<\/a> czytaj <a title=\"Poradnik \u2013 podsumowanie\" href=\"http:\/\/www.fayka.pl\/?page_id=2339\">podsumowanie&gt;&gt;<\/a><\/p>\n","protected":false},"excerpt":{"rendered":"<p>Pieni\u0105dze to temat tak dra\u017cliwy, jak tylko mo\u017cna sobie wyobrazi\u0107. Gdy wspominam o stosowanym przeze mnie rozwi\u0105zaniu, prawie zawsze s\u0142ysz\u0119: &#8222;Eeee po co to tak wydziwia\u0107, nie mo\u017cna normalnie, zrzutka do kasy jachtowej i tyle&#8221;. Mo\u017ce i mo\u017cna ale&#8230; M\u00f3wimy &hellip; <a href=\"https:\/\/www.fayka.pl\/?page_id=2288\">Czytaj dalej <span class=\"meta-nav\">&rarr;<\/span><\/a><\/p>\n","protected":false},"author":2,"featured_media":0,"parent":2249,"menu_order":0,"comment_status":"open","ping_status":"open","template":"onecolumn-page.php","meta":{"footnotes":""},"class_list":["post-2288","page","type-page","status-publish","hentry"],"_links":{"self":[{"href":"https:\/\/www.fayka.pl\/index.php?rest_route=\/wp\/v2\/pages\/2288","targetHints":{"allow":["GET"]}}],"collection":[{"href":"https:\/\/www.fayka.pl\/index.php?rest_route=\/wp\/v2\/pages"}],"about":[{"href":"https:\/\/www.fayka.pl\/index.php?rest_route=\/wp\/v2\/types\/page"}],"author":[{"embeddable":true,"href":"https:\/\/www.fayka.pl\/index.php?rest_route=\/wp\/v2\/users\/2"}],"replies":[{"embeddable":true,"href":"https:\/\/www.fayka.pl\/index.php?rest_route=%2Fwp%2Fv2%2Fcomments&post=2288"}],"version-history":[{"count":8,"href":"https:\/\/www.fayka.pl\/index.php?rest_route=\/wp\/v2\/pages\/2288\/revisions"}],"predecessor-version":[{"id":2475,"href":"https:\/\/www.fayka.pl\/index.php?rest_route=\/wp\/v2\/pages\/2288\/revisions\/2475"}],"up":[{"embeddable":true,"href":"https:\/\/www.fayka.pl\/index.php?rest_route=\/wp\/v2\/pages\/2249"}],"wp:attachment":[{"href":"https:\/\/www.fayka.pl\/index.php?rest_route=%2Fwp%2Fv2%2Fmedia&parent=2288"}],"curies":[{"name":"wp","href":"https:\/\/api.w.org\/{rel}","templated":true}]}}