{"id":2333,"date":"2014-05-19T22:43:29","date_gmt":"2014-05-19T20:43:29","guid":{"rendered":"http:\/\/www.fayka.pl\/?page_id=2333"},"modified":"2014-12-31T17:50:16","modified_gmt":"2014-12-31T16:50:16","slug":"poradnik-higiena","status":"publish","type":"page","link":"https:\/\/www.fayka.pl\/?page_id=2333","title":{"rendered":"Poradnik &#8211; higiena"},"content":{"rendered":"<p>Co tu pisa\u0107 po pr\u00f3\u017cnicy, kostka szarego myd\u0142a i za burt\u0119 op\u0142uka\u0107 si\u0119 &#8230;<\/p>\n<p>Ka\u017cdy wie, \u017ce higiena jest wa\u017cna. Na rejsie te\u017c, szczeg\u00f3lnie, \u017ce w ma\u0142ej przestrzeni aromaty mog\u0105 by\u0107 nieco dokuczliwe.<\/p>\n<p>Oczywi\u015bcie moje porady dotycz\u0105 m\u0119\u017cczyzn. Zreszt\u0105 i tak nie b\u0119d\u0119 wam zdradza\u0142 jaki na rejsie stosuj\u0119\u00a0podk\u0142ad pod oczy na noc \ud83d\ude09<\/p>\n<p>Zasada pierwsza: obowi\u0105zkowo na rejs nale\u017cy mie\u0107 kosmetyczk\u0119, bez kosmetyczki drobiazgi walaj\u0105 si\u0119 wsz\u0119dzie i jest kaszanka. Jak\u017ce cz\u0119sto, gdy jacht gdzie\u015b dop\u0142ywa, jest szybka akcja wyj\u015bcia pod prysznice. Wtedy b\u0142yskawicznie zgarniamy kosmetyczk\u0119 r\u0119cznik i jeste\u015bmy gotowi do wyj\u015bcia. Mam na my\u015bli najprostsz\u0105 kosmetyczk\u0119. Jak co\u015b takiego: <a href=\"http:\/\/www.wgl.pl\/kosmetyczka-tatonka-mini-travelkit-deep-blue.html\" target=\"_blank\">http:\/\/www.wgl.pl\/kosmetyczka-tatonka-mini-travelkit-deep-blue.html<\/a>.<\/p>\n<p>A w kosmetyczce:<\/p>\n<ul>\n<li>Myd\u0142o w kostce &#8211; jak kto\u015b koniecznie musi. Ja nie u\u017cywam na wyjazdach &#8211; patrz ni\u017cej.<\/li>\n<li>Szampon<\/li>\n<li>P\u0142yn do k\u0105pieli. Ja jestem zwolennikiem &#8211; a na wyjazdy szczeg\u00f3lnie &#8211; p\u0142yn\u00f3w uniwersalnych dwa w jednym (szampon i p\u0142yn). U\u017cywam te\u017c tego jako myd\u0142a &#8211; w sumie tylko jedna buteleczka.<\/li>\n<li>Szczoteczka do z\u0119b\u00f3w<\/li>\n<li>Pasta do z\u0119b\u00f3w<\/li>\n<li>Krem do golenia. Zamiast olbrzymiej puszki w sprayu wol\u0119 krem do golenia w tubce &#8211; zajmuje jedn\u0105 pi\u0105t\u0105 miejsca. Dzia\u0142a tak samo.<\/li>\n<li>Tonik pogoleniu &#8211; ma\u0142y pojemnik &#8211; faceci po goleniu cz\u0119sto przesadzaj\u0105 z pryskaniem si\u0119 i na jachcie mo\u017cna si\u0119 udusi\u0107 gdy taki wyjdzie z \u0142azienki<\/li>\n<li>Sprz\u0119t do golenia &#8211; co tam kto lubi<\/li>\n<li>Opcjonalnie elektryczna bateryjna maszynka<\/li>\n<li>Dezodorant &#8211; najlepiej w kulce &#8211; mniej wali po innych<\/li>\n<li>Patyczki do uszu (w maciupkiej torebeczce strunowej)<\/li>\n<li>Chusteczki higieniczne<\/li>\n<li>Grzebie\u0144 (dla mnie to ju\u017c przesz\u0142o\u015b\u0107)<\/li>\n<li>Malutkie lusterko (chyba \u017ce kosmetyczka ma wmontowane)<\/li>\n<li>Mokre \u015bciereczki higieniczne &#8211; dla dzieci. To jest opcja &#8222;hardcore&#8221;. Czasami po dw\u00f3ch trzech dniach w morzu, gdy ostro buja &#8211; wzi\u0119cie prysznica mo\u017ce by\u0107 nieco utrudnione. W\u00f3wczas takie chusteczki pozwalaj\u0105 dokona\u0107 &#8222;od\u015bwie\u017cenia&#8221;\u00a0 tych bardziej &#8222;aromatycznych&#8221; okolic naszego cia\u0142a. Na rejsie Antarktyd\u0119 dzia\u0142a\u0142o znakomicie.<\/li>\n<li>W mojej kosmetyczce jest jeszcze Neutrogena<\/li>\n<li>Jest elastyczna linka do wieszania prania<\/li>\n<li>kilka klamerek do prania &#8211; ja u\u017cywam du\u017cych czarnych blaszanych spinaczy biurowych.<\/li>\n<li>P\u0142yn do prania lub odrobinka proszku do prania.<\/li>\n<\/ul>\n<p>Do tego ze dwa trzy r\u0119czniki. Ja zabieram takie turystyczne z mikrofibry, a gdy p\u0142yniemy w zimne okolice i jest szansa na saun\u0119 nie mog\u0119 sobie odm\u00f3wi\u0107 i zabieram du\u017cy r\u0119cznik k\u0105pielowy \ud83d\ude09<\/p>\n<p><a title=\"Poradnik \u2013 ubrania cywilne\" href=\"http:\/\/www.fayka.pl\/?page_id=2265\">&lt;&lt;ubrania cywilne<\/a> czytaj <a title=\"Poradnik \u2013 apteczka\" href=\"http:\/\/www.fayka.pl\/?page_id=2270\">apteczka&gt;&gt;<\/a><\/p>\n","protected":false},"excerpt":{"rendered":"<p>Co tu pisa\u0107 po pr\u00f3\u017cnicy, kostka szarego myd\u0142a i za burt\u0119 op\u0142uka\u0107 si\u0119 &#8230; Ka\u017cdy wie, \u017ce higiena jest wa\u017cna. Na rejsie te\u017c, szczeg\u00f3lnie, \u017ce w ma\u0142ej przestrzeni aromaty mog\u0105 by\u0107 nieco dokuczliwe. Oczywi\u015bcie moje porady dotycz\u0105 m\u0119\u017cczyzn. Zreszt\u0105 i &hellip; <a href=\"https:\/\/www.fayka.pl\/?page_id=2333\">Czytaj dalej <span class=\"meta-nav\">&rarr;<\/span><\/a><\/p>\n","protected":false},"author":2,"featured_media":0,"parent":2249,"menu_order":0,"comment_status":"open","ping_status":"open","template":"onecolumn-page.php","meta":{"footnotes":""},"class_list":["post-2333","page","type-page","status-publish","hentry"],"_links":{"self":[{"href":"https:\/\/www.fayka.pl\/index.php?rest_route=\/wp\/v2\/pages\/2333","targetHints":{"allow":["GET"]}}],"collection":[{"href":"https:\/\/www.fayka.pl\/index.php?rest_route=\/wp\/v2\/pages"}],"about":[{"href":"https:\/\/www.fayka.pl\/index.php?rest_route=\/wp\/v2\/types\/page"}],"author":[{"embeddable":true,"href":"https:\/\/www.fayka.pl\/index.php?rest_route=\/wp\/v2\/users\/2"}],"replies":[{"embeddable":true,"href":"https:\/\/www.fayka.pl\/index.php?rest_route=%2Fwp%2Fv2%2Fcomments&post=2333"}],"version-history":[{"count":8,"href":"https:\/\/www.fayka.pl\/index.php?rest_route=\/wp\/v2\/pages\/2333\/revisions"}],"predecessor-version":[{"id":2463,"href":"https:\/\/www.fayka.pl\/index.php?rest_route=\/wp\/v2\/pages\/2333\/revisions\/2463"}],"up":[{"embeddable":true,"href":"https:\/\/www.fayka.pl\/index.php?rest_route=\/wp\/v2\/pages\/2249"}],"wp:attachment":[{"href":"https:\/\/www.fayka.pl\/index.php?rest_route=%2Fwp%2Fv2%2Fmedia&parent=2333"}],"curies":[{"name":"wp","href":"https:\/\/api.w.org\/{rel}","templated":true}]}}