{"id":2382,"date":"2014-09-18T18:53:42","date_gmt":"2014-09-18T16:53:42","guid":{"rendered":"http:\/\/www.fayka.pl\/?page_id=2382"},"modified":"2014-09-22T20:13:00","modified_gmt":"2014-09-22T18:13:00","slug":"lansik-z-marta-i-witkiem","status":"publish","type":"page","link":"https:\/\/www.fayka.pl\/?page_id=2382","title":{"rendered":"Lansik z Mart\u0105 i Witkiem"},"content":{"rendered":"<p>Cierpliwo\u015bci, za chwilk\u0119 opisz\u0119, nie tylko blogiem cz\u0142owiek \u017cyje&#8230;.<\/p>\n","protected":false},"excerpt":{"rendered":"<p>Cierpliwo\u015bci, za chwilk\u0119 opisz\u0119, nie tylko blogiem cz\u0142owiek \u017cyje&#8230;.<\/p>\n","protected":false},"author":2,"featured_media":0,"parent":2072,"menu_order":0,"comment_status":"open","ping_status":"open","template":"onecolumn-page.php","meta":{"footnotes":""},"class_list":["post-2382","page","type-page","status-publish","hentry"],"_links":{"self":[{"href":"https:\/\/www.fayka.pl\/index.php?rest_route=\/wp\/v2\/pages\/2382","targetHints":{"allow":["GET"]}}],"collection":[{"href":"https:\/\/www.fayka.pl\/index.php?rest_route=\/wp\/v2\/pages"}],"about":[{"href":"https:\/\/www.fayka.pl\/index.php?rest_route=\/wp\/v2\/types\/page"}],"author":[{"embeddable":true,"href":"https:\/\/www.fayka.pl\/index.php?rest_route=\/wp\/v2\/users\/2"}],"replies":[{"embeddable":true,"href":"https:\/\/www.fayka.pl\/index.php?rest_route=%2Fwp%2Fv2%2Fcomments&post=2382"}],"version-history":[{"count":2,"href":"https:\/\/www.fayka.pl\/index.php?rest_route=\/wp\/v2\/pages\/2382\/revisions"}],"predecessor-version":[{"id":2406,"href":"https:\/\/www.fayka.pl\/index.php?rest_route=\/wp\/v2\/pages\/2382\/revisions\/2406"}],"up":[{"embeddable":true,"href":"https:\/\/www.fayka.pl\/index.php?rest_route=\/wp\/v2\/pages\/2072"}],"wp:attachment":[{"href":"https:\/\/www.fayka.pl\/index.php?rest_route=%2Fwp%2Fv2%2Fmedia&parent=2382"}],"curies":[{"name":"wp","href":"https:\/\/api.w.org\/{rel}","templated":true}]}}